{"id":30835,"date":"2024-09-28T16:10:26","date_gmt":"2024-09-28T14:10:26","guid":{"rendered":"https:\/\/ivinidimiriamshop.ch\/ruecksendungen-und-erstattungen\/"},"modified":"2025-05-18T10:39:47","modified_gmt":"2025-05-18T08:39:47","slug":"ruecksendungen-und-erstattungen","status":"publish","type":"page","link":"https:\/\/ivinidimiriamshop.ch\/de\/ruecksendungen-und-erstattungen\/","title":{"rendered":"R\u00fccksendungen und Erstattungen"},"content":{"rendered":"\t\t<div data-elementor-type=\"wp-page\" data-elementor-id=\"30835\" class=\"elementor elementor-30835 elementor-29119\" data-elementor-post-type=\"page\">\n\t\t\t\t<div class=\"elementor-element elementor-element-af392de e-flex e-con-boxed e-con e-parent\" data-id=\"af392de\" data-element_type=\"container\" data-e-type=\"container\">\n\t\t\t\t\t<div class=\"e-con-inner\">\n\t\t\t\t<div class=\"elementor-element elementor-element-0beea11 elementor-widget elementor-widget-heading\" data-id=\"0beea11\" data-element_type=\"widget\" data-e-type=\"widget\" data-widget_type=\"heading.default\">\n\t\t\t\t<div class=\"elementor-widget-container\">\n\t\t\t\t\t<h2 class=\"elementor-heading-title elementor-size-default\">R\u00fcckgabe- und Erstattungsrichtlinie<\/h2>\t\t\t\t<\/div>\n\t\t\t\t<\/div>\n\t\t\t\t\t<\/div>\n\t\t\t\t<\/div>\n\t\t<div class=\"elementor-element elementor-element-5467e98 e-flex e-con-boxed e-con e-parent\" data-id=\"5467e98\" data-element_type=\"container\" data-e-type=\"container\">\n\t\t\t\t\t<div class=\"e-con-inner\">\n\t\t<div class=\"elementor-element elementor-element-ec5c4a6 e-con-full e-flex e-con e-child\" data-id=\"ec5c4a6\" data-element_type=\"container\" data-e-type=\"container\" data-settings=\"{&quot;background_background&quot;:&quot;classic&quot;}\">\n\t\t\t\t<div class=\"elementor-element elementor-element-198136f elementor-widget elementor-widget-text-editor\" data-id=\"198136f\" data-element_type=\"widget\" data-e-type=\"widget\" data-widget_type=\"text-editor.default\">\n\t\t\t\t<div class=\"elementor-widget-container\">\n\t\t\t\t\t\t\t\t\t<p><strong>Allgemeine Informationen<\/strong><\/p><p>Die Weinkellerei Miriam Hermann Gaudio mit Sitz in 6988 Castel di Monteggio ist bestrebt, die h\u00f6chste Qualit\u00e4t ihrer Produkte und die volle Zufriedenheit ihrer Kunden zu gew\u00e4hrleisten.<\/p><p> <\/p><p><strong>Lebensmittel und Sicherheit<\/strong><\/p><p>Da es sich bei Weinflaschen um Lebensmittel handelt, k\u00f6nnen sie nicht zur\u00fcckgegeben werden, wenn sie einmal ge\u00f6ffnet oder manipuliert wurden, um die Vorschriften zur Lebensmittelsicherheit und zum Verbraucherschutz einzuhalten.<\/p><p> <\/p><p><strong>R\u00fccktrittsrecht<\/strong><\/p><p>Der Kunde hat das Recht, innerhalb von 14 Tagen nach Erhalt der Ware vom Kauf zur\u00fcckzutreten, sofern:<\/p><ul><li>Die Flaschen sind versiegelt und befinden sich in der Originalverpackung.<\/li><li>Kein Schaden<\/li><li>Sie waren keinen Bedingungen ausgesetzt, die ihre Qualit\u00e4t beeintr\u00e4chtigt haben k\u00f6nnten.<\/li><\/ul><p> <\/p><p><strong>Erstattungsf\u00e4lle<\/strong><\/p><p>In den folgenden F\u00e4llen garantieren wir eine vollst\u00e4ndige R\u00fcckerstattung:<\/p><ul><li>Das Produkt wurde beim Transport besch\u00e4digt<\/li><li>Versandfehler (Produkt unterscheidet sich von dem bestellten)<\/li><li>Aus\u00fcbung des R\u00fccktrittsrechts gem\u00e4\u00df den oben genannten Bedingungen<\/li><\/ul><p> <\/p><p><strong>R\u00fcckgabeverfahren<\/strong><\/p><ol><li>Kontaktieren Sie unseren Kundendienst innerhalb von 14 Tagen nach Erhalt<\/li><li>Warten Sie auf Anweisungen f\u00fcr die R\u00fccksendung<\/li><li>Verpacken Sie die Flaschen sorgf\u00e4ltig in ihrer Originalverpackung<\/li><li>Senden Sie das Produkt an die angegebene Adresse<\/li><\/ol><p> <\/p><p><strong>Erstattung<\/strong><\/p><p>Nach Eingang und Pr\u00fcfung der zur\u00fcckgesandten Waren wird die R\u00fcckerstattung innerhalb von 14 Werktagen mit derselben Zahlungsmethode wie beim urspr\u00fcnglichen Kauf bearbeitet.<\/p><p> <\/p><p><strong>Kosten f\u00fcr den Versand<\/strong><\/p><ul><li>Im Falle eines defekten Produkts oder eines Versandfehlers: die R\u00fccksendekosten werden von uns getragen<\/li><li>Im Falle eines freiwilligen R\u00fccktritts: Die R\u00fccksendekosten gehen zu Lasten des Kunden<\/li><\/ul><p> <\/p><p><strong>Kontakt<\/strong><\/p><p>Bitte kontaktieren Sie uns, wenn Sie Fragen zu unserer R\u00fcckgabe- und Erstattungspolitik haben:<\/p><ul><li>E-Mail: info@ivinidimiriam.ch<\/li><\/ul><p> <\/p><p><strong>Rechtliche Hinweise<\/strong><\/p><p>Wir behalten uns das Recht vor, diese Politik jederzeit zu \u00e4ndern. Alle \u00c4nderungen werden auf dieser Seite ver\u00f6ffentlicht.<\/p>\t\t\t\t\t\t\t\t<\/div>\n\t\t\t\t<\/div>\n\t\t\t\t<\/div>\n\t\t\t\t\t<\/div>\n\t\t\t\t<\/div>\n\t\t\t\t<\/div>\n\t\t","protected":false},"excerpt":{"rendered":"<p>R\u00fcckgabe- und Erstattungsrichtlinie Allgemeine Informationen Die Weinkellerei Miriam Hermann Gaudio mit Sitz in 6988 Castel di Monteggio ist bestrebt, die [&hellip;]<\/p>\n","protected":false},"author":1,"featured_media":0,"parent":0,"menu_order":0,"comment_status":"closed","ping_status":"closed","template":"","meta":{"site-sidebar-layout":"no-sidebar","site-content-layout":"","ast-site-content-layout":"full-width-container","site-content-style":"default","site-sidebar-style":"default","ast-global-header-display":"","ast-banner-title-visibility":"","ast-main-header-display":"","ast-hfb-above-header-display":"","ast-hfb-below-header-display":"","ast-hfb-mobile-header-display":"","site-post-title":"disabled","ast-breadcrumbs-content":"","ast-featured-img":"disabled","footer-sml-layout":"","ast-disable-related-posts":"","theme-transparent-header-meta":"","adv-header-id-meta":"","stick-header-meta":"","header-above-stick-meta":"","header-main-stick-meta":"","header-below-stick-meta":"","astra-migrate-meta-layouts":"default","ast-page-background-enabled":"default","ast-page-background-meta":{"desktop":{"background-color":"var(--ast-global-color-4)","background-image":"","background-repeat":"repeat","background-position":"center center","background-size":"auto","background-attachment":"scroll","background-type":"","background-media":"","overlay-type":"","overlay-color":"","overlay-opacity":"","overlay-gradient":""},"tablet":{"background-color":"","background-image":"","background-repeat":"repeat","background-position":"center center","background-size":"auto","background-attachment":"scroll","background-type":"","background-media":"","overlay-type":"","overlay-color":"","overlay-opacity":"","overlay-gradient":""},"mobile":{"background-color":"","background-image":"","background-repeat":"repeat","background-position":"center center","background-size":"auto","background-attachment":"scroll","background-type":"","background-media":"","overlay-type":"","overlay-color":"","overlay-opacity":"","overlay-gradient":""}},"ast-content-background-meta":{"desktop":{"background-color":"var(--ast-global-color-5)","background-image":"","background-repeat":"repeat","background-position":"center center","background-size":"auto","background-attachment":"scroll","background-type":"","background-media":"","overlay-type":"","overlay-color":"","overlay-opacity":"","overlay-gradient":""},"tablet":{"background-color":"var(--ast-global-color-5)","background-image":"","background-repeat":"repeat","background-position":"center center","background-size":"auto","background-attachment":"scroll","background-type":"","background-media":"","overlay-type":"","overlay-color":"","overlay-opacity":"","overlay-gradient":""},"mobile":{"background-color":"var(--ast-global-color-5)","background-image":"","background-repeat":"repeat","background-position":"center center","background-size":"auto","background-attachment":"scroll","background-type":"","background-media":"","overlay-type":"","overlay-color":"","overlay-opacity":"","overlay-gradient":""}},"footnotes":""},"class_list":["post-30835","page","type-page","status-publish","hentry"],"yoast_head":"<!-- This site is optimized with the Yoast SEO plugin v26.9 - https:\/\/yoast.com\/product\/yoast-seo-wordpress\/ -->\n<title>R\u00fccksendungen und Erstattungen - I vini di Miriam<\/title>\n<meta name=\"robots\" content=\"index, follow, max-snippet:-1, max-image-preview:large, max-video-preview:-1\" \/>\n<link rel=\"canonical\" href=\"https:\/\/ivinidimiriamshop.ch\/de\/ruecksendungen-und-erstattungen\/\" \/>\n<meta property=\"og:locale\" content=\"de_DE\" \/>\n<meta property=\"og:type\" content=\"article\" \/>\n<meta property=\"og:title\" content=\"R\u00fccksendungen und Erstattungen - I vini di Miriam\" \/>\n<meta property=\"og:description\" content=\"R\u00fcckgabe- und Erstattungsrichtlinie Allgemeine Informationen Die Weinkellerei Miriam Hermann Gaudio mit Sitz in 6988 Castel di Monteggio ist bestrebt, die [&hellip;]\" \/>\n<meta property=\"og:url\" content=\"https:\/\/ivinidimiriamshop.ch\/de\/ruecksendungen-und-erstattungen\/\" \/>\n<meta property=\"og:site_name\" content=\"I vini di Miriam\" \/>\n<meta property=\"article:publisher\" content=\"https:\/\/www.facebook.com\/ivinidimiriam\" \/>\n<meta property=\"article:modified_time\" content=\"2025-05-18T08:39:47+00:00\" \/>\n<meta name=\"twitter:card\" content=\"summary_large_image\" \/>\n<meta name=\"twitter:label1\" content=\"Gesch\u00e4tzte Lesezeit\" \/>\n\t<meta name=\"twitter:data1\" content=\"1\u00a0Minute\" \/>\n<script type=\"application\/ld+json\" class=\"yoast-schema-graph\">{\"@context\":\"https:\/\/schema.org\",\"@graph\":[{\"@type\":\"WebPage\",\"@id\":\"https:\/\/ivinidimiriamshop.ch\/de\/ruecksendungen-und-erstattungen\/\",\"url\":\"https:\/\/ivinidimiriamshop.ch\/de\/ruecksendungen-und-erstattungen\/\",\"name\":\"R\u00fccksendungen und Erstattungen - I vini di Miriam\",\"isPartOf\":{\"@id\":\"https:\/\/ivinidimiriamshop.ch\/de\/#website\"},\"datePublished\":\"2024-09-28T14:10:26+00:00\",\"dateModified\":\"2025-05-18T08:39:47+00:00\",\"breadcrumb\":{\"@id\":\"https:\/\/ivinidimiriamshop.ch\/de\/ruecksendungen-und-erstattungen\/#breadcrumb\"},\"inLanguage\":\"de\",\"potentialAction\":[{\"@type\":\"ReadAction\",\"target\":[\"https:\/\/ivinidimiriamshop.ch\/de\/ruecksendungen-und-erstattungen\/\"]}]},{\"@type\":\"BreadcrumbList\",\"@id\":\"https:\/\/ivinidimiriamshop.ch\/de\/ruecksendungen-und-erstattungen\/#breadcrumb\",\"itemListElement\":[{\"@type\":\"ListItem\",\"position\":1,\"name\":\"Startseite\",\"item\":\"https:\/\/ivinidimiriamshop.ch\/de\/\"},{\"@type\":\"ListItem\",\"position\":2,\"name\":\"R\u00fccksendungen und Erstattungen\"}]},{\"@type\":\"WebSite\",\"@id\":\"https:\/\/ivinidimiriamshop.ch\/de\/#website\",\"url\":\"https:\/\/ivinidimiriamshop.ch\/de\/\",\"name\":\"I vini di Miriam Shop\",\"description\":\"\",\"publisher\":{\"@id\":\"https:\/\/ivinidimiriamshop.ch\/de\/#organization\"},\"potentialAction\":[{\"@type\":\"SearchAction\",\"target\":{\"@type\":\"EntryPoint\",\"urlTemplate\":\"https:\/\/ivinidimiriamshop.ch\/de\/?s={search_term_string}\"},\"query-input\":{\"@type\":\"PropertyValueSpecification\",\"valueRequired\":true,\"valueName\":\"search_term_string\"}}],\"inLanguage\":\"de\"},{\"@type\":\"Organization\",\"@id\":\"https:\/\/ivinidimiriamshop.ch\/de\/#organization\",\"name\":\"I vini di Miriam Shop\",\"url\":\"https:\/\/ivinidimiriamshop.ch\/de\/\",\"logo\":{\"@type\":\"ImageObject\",\"inLanguage\":\"de\",\"@id\":\"https:\/\/ivinidimiriamshop.ch\/de\/#\/schema\/logo\/image\/\",\"url\":\"https:\/\/ivinidimiriamshop.ch\/wp-content\/uploads\/2024\/12\/Screenshot-2024-12-02-alle-19.31.25-1024x473.png\",\"contentUrl\":\"https:\/\/ivinidimiriamshop.ch\/wp-content\/uploads\/2024\/12\/Screenshot-2024-12-02-alle-19.31.25-1024x473.png\",\"width\":1024,\"height\":473,\"caption\":\"I vini di Miriam Shop\"},\"image\":{\"@id\":\"https:\/\/ivinidimiriamshop.ch\/de\/#\/schema\/logo\/image\/\"},\"sameAs\":[\"https:\/\/www.facebook.com\/ivinidimiriam\"]}]}<\/script>\n<!-- \/ Yoast SEO plugin. -->","yoast_head_json":{"title":"R\u00fccksendungen und Erstattungen - I vini di Miriam","robots":{"index":"index","follow":"follow","max-snippet":"max-snippet:-1","max-image-preview":"max-image-preview:large","max-video-preview":"max-video-preview:-1"},"canonical":"https:\/\/ivinidimiriamshop.ch\/de\/ruecksendungen-und-erstattungen\/","og_locale":"de_DE","og_type":"article","og_title":"R\u00fccksendungen und Erstattungen - I vini di Miriam","og_description":"R\u00fcckgabe- und Erstattungsrichtlinie Allgemeine Informationen Die Weinkellerei Miriam Hermann Gaudio mit Sitz in 6988 Castel di Monteggio ist bestrebt, die [&hellip;]","og_url":"https:\/\/ivinidimiriamshop.ch\/de\/ruecksendungen-und-erstattungen\/","og_site_name":"I vini di Miriam","article_publisher":"https:\/\/www.facebook.com\/ivinidimiriam","article_modified_time":"2025-05-18T08:39:47+00:00","twitter_card":"summary_large_image","twitter_misc":{"Gesch\u00e4tzte Lesezeit":"1\u00a0Minute"},"schema":{"@context":"https:\/\/schema.org","@graph":[{"@type":"WebPage","@id":"https:\/\/ivinidimiriamshop.ch\/de\/ruecksendungen-und-erstattungen\/","url":"https:\/\/ivinidimiriamshop.ch\/de\/ruecksendungen-und-erstattungen\/","name":"R\u00fccksendungen und Erstattungen - I vini di Miriam","isPartOf":{"@id":"https:\/\/ivinidimiriamshop.ch\/de\/#website"},"datePublished":"2024-09-28T14:10:26+00:00","dateModified":"2025-05-18T08:39:47+00:00","breadcrumb":{"@id":"https:\/\/ivinidimiriamshop.ch\/de\/ruecksendungen-und-erstattungen\/#breadcrumb"},"inLanguage":"de","potentialAction":[{"@type":"ReadAction","target":["https:\/\/ivinidimiriamshop.ch\/de\/ruecksendungen-und-erstattungen\/"]}]},{"@type":"BreadcrumbList","@id":"https:\/\/ivinidimiriamshop.ch\/de\/ruecksendungen-und-erstattungen\/#breadcrumb","itemListElement":[{"@type":"ListItem","position":1,"name":"Startseite","item":"https:\/\/ivinidimiriamshop.ch\/de\/"},{"@type":"ListItem","position":2,"name":"R\u00fccksendungen und Erstattungen"}]},{"@type":"WebSite","@id":"https:\/\/ivinidimiriamshop.ch\/de\/#website","url":"https:\/\/ivinidimiriamshop.ch\/de\/","name":"I vini di Miriam Shop","description":"","publisher":{"@id":"https:\/\/ivinidimiriamshop.ch\/de\/#organization"},"potentialAction":[{"@type":"SearchAction","target":{"@type":"EntryPoint","urlTemplate":"https:\/\/ivinidimiriamshop.ch\/de\/?s={search_term_string}"},"query-input":{"@type":"PropertyValueSpecification","valueRequired":true,"valueName":"search_term_string"}}],"inLanguage":"de"},{"@type":"Organization","@id":"https:\/\/ivinidimiriamshop.ch\/de\/#organization","name":"I vini di Miriam Shop","url":"https:\/\/ivinidimiriamshop.ch\/de\/","logo":{"@type":"ImageObject","inLanguage":"de","@id":"https:\/\/ivinidimiriamshop.ch\/de\/#\/schema\/logo\/image\/","url":"https:\/\/ivinidimiriamshop.ch\/wp-content\/uploads\/2024\/12\/Screenshot-2024-12-02-alle-19.31.25-1024x473.png","contentUrl":"https:\/\/ivinidimiriamshop.ch\/wp-content\/uploads\/2024\/12\/Screenshot-2024-12-02-alle-19.31.25-1024x473.png","width":1024,"height":473,"caption":"I vini di Miriam Shop"},"image":{"@id":"https:\/\/ivinidimiriamshop.ch\/de\/#\/schema\/logo\/image\/"},"sameAs":["https:\/\/www.facebook.com\/ivinidimiriam"]}]}},"_links":{"self":[{"href":"https:\/\/ivinidimiriamshop.ch\/de\/wp-json\/wp\/v2\/pages\/30835","targetHints":{"allow":["GET"]}}],"collection":[{"href":"https:\/\/ivinidimiriamshop.ch\/de\/wp-json\/wp\/v2\/pages"}],"about":[{"href":"https:\/\/ivinidimiriamshop.ch\/de\/wp-json\/wp\/v2\/types\/page"}],"author":[{"embeddable":true,"href":"https:\/\/ivinidimiriamshop.ch\/de\/wp-json\/wp\/v2\/users\/1"}],"replies":[{"embeddable":true,"href":"https:\/\/ivinidimiriamshop.ch\/de\/wp-json\/wp\/v2\/comments?post=30835"}],"version-history":[{"count":2,"href":"https:\/\/ivinidimiriamshop.ch\/de\/wp-json\/wp\/v2\/pages\/30835\/revisions"}],"predecessor-version":[{"id":30839,"href":"https:\/\/ivinidimiriamshop.ch\/de\/wp-json\/wp\/v2\/pages\/30835\/revisions\/30839"}],"wp:attachment":[{"href":"https:\/\/ivinidimiriamshop.ch\/de\/wp-json\/wp\/v2\/media?parent=30835"}],"curies":[{"name":"wp","href":"https:\/\/api.w.org\/{rel}","templated":true}]}}