{"id":30692,"date":"2024-11-23T13:50:49","date_gmt":"2024-11-23T12:50:49","guid":{"rendered":"https:\/\/ivinidimiriamshop.ch\/prodotto\/isabea-igt-der-italienischen-schweiz-rose-aus-amerikanischen-trauben-2022\/"},"modified":"2025-05-18T10:39:15","modified_gmt":"2025-05-18T08:39:15","slug":"isabea-igt-der-italienischen-schweiz-rose-aus-amerikanischen-trauben-2022","status":"publish","type":"product","link":"https:\/\/ivinidimiriamshop.ch\/de\/prodotto\/isabea-igt-der-italienischen-schweiz-rose-aus-amerikanischen-trauben-2022\/","title":{"rendered":"ISABEA, IGT der italienischen Schweiz, Ros\u00e9 aus amerikanischen Trauben &#8211; 2022"},"content":{"rendered":"","protected":false},"excerpt":{"rendered":"<p>Americana vorwiegend Isabella 100%<\/p>\n<p>Leuchtendes Rosa, orangefarbene Reflexe, brillante, intensive Nase mit deutlichen Noten von Walderdbeeren, Kirschen, leichte Kr\u00e4uternoten von frischem Gras.<\/p>\n<p>Am Gaumen findet sich die Typizit\u00e4t der Aromen wieder, frisch aromatisch, angenehm, der K\u00f6rper ist langlinig,<\/p>\n<p>Leicht zu trinken, ein fr\u00f6hlicher Wein, gek\u00fchlt serviert, sommerlich durch seine fruchtige Leichtigkeit, herbstlich in Verbindung mit gebratenen Kastanien.<\/p>\n","protected":false},"featured_media":30621,"template":"","meta":{"site-sidebar-layout":"default","site-content-layout":"","ast-site-content-layout":"default","site-content-style":"default","site-sidebar-style":"default","ast-global-header-display":"","ast-banner-title-visibility":"","ast-main-header-display":"","ast-hfb-above-header-display":"","ast-hfb-below-header-display":"","ast-hfb-mobile-header-display":"","site-post-title":"","ast-breadcrumbs-content":"","ast-featured-img":"","footer-sml-layout":"","ast-disable-related-posts":"","theme-transparent-header-meta":"default","adv-header-id-meta":"","stick-header-meta":"","header-above-stick-meta":"","header-main-stick-meta":"","header-below-stick-meta":"","astra-migrate-meta-layouts":"default","ast-page-background-enabled":"default","ast-page-background-meta":{"desktop":{"background-color":"var(--ast-global-color-4)","background-image":"","background-repeat":"repeat","background-position":"center center","background-size":"auto","background-attachment":"scroll","background-type":"","background-media":"","overlay-type":"","overlay-color":"","overlay-opacity":"","overlay-gradient":""},"tablet":{"background-color":"","background-image":"","background-repeat":"repeat","background-position":"center center","background-size":"auto","background-attachment":"scroll","background-type":"","background-media":"","overlay-type":"","overlay-color":"","overlay-opacity":"","overlay-gradient":""},"mobile":{"background-color":"","background-image":"","background-repeat":"repeat","background-position":"center center","background-size":"auto","background-attachment":"scroll","background-type":"","background-media":"","overlay-type":"","overlay-color":"","overlay-opacity":"","overlay-gradient":""}},"ast-content-background-meta":{"desktop":{"background-color":"var(--ast-global-color-5)","background-image":"","background-repeat":"repeat","background-position":"center center","background-size":"auto","background-attachment":"scroll","background-type":"","background-media":"","overlay-type":"","overlay-color":"","overlay-opacity":"","overlay-gradient":""},"tablet":{"background-color":"var(--ast-global-color-5)","background-image":"","background-repeat":"repeat","background-position":"center center","background-size":"auto","background-attachment":"scroll","background-type":"","background-media":"","overlay-type":"","overlay-color":"","overlay-opacity":"","overlay-gradient":""},"mobile":{"background-color":"var(--ast-global-color-5)","background-image":"","background-repeat":"repeat","background-position":"center center","background-size":"auto","background-attachment":"scroll","background-type":"","background-media":"","overlay-type":"","overlay-color":"","overlay-opacity":"","overlay-gradient":""}}},"product_brand":[],"product_cat":[76,77],"product_tag":[],"class_list":{"0":"post-30692","1":"product","2":"type-product","3":"status-publish","4":"has-post-thumbnail","6":"product_cat-2022-de","7":"product_cat-rosati-de","8":"desktop-align-left","9":"tablet-align-left","10":"mobile-align-left","12":"first","13":"outofstock","14":"taxable","15":"shipping-taxable","16":"purchasable","17":"product-type-simple"},"yoast_head":"<!-- This site is optimized with the Yoast SEO plugin v26.9 - https:\/\/yoast.com\/product\/yoast-seo-wordpress\/ -->\n<title>ISABEA, IGT der italienischen Schweiz, Ros\u00e9 aus amerikanischen Trauben - 2022 - I vini di Miriam<\/title>\n<meta name=\"robots\" content=\"index, follow, max-snippet:-1, max-image-preview:large, max-video-preview:-1\" \/>\n<link rel=\"canonical\" href=\"https:\/\/ivinidimiriamshop.ch\/de\/prodotto\/isabea-igt-der-italienischen-schweiz-rose-aus-amerikanischen-trauben-2022\/\" \/>\n<meta property=\"og:locale\" content=\"de_DE\" \/>\n<meta property=\"og:type\" content=\"article\" \/>\n<meta property=\"og:title\" content=\"ISABEA, IGT der italienischen Schweiz, Ros\u00e9 aus amerikanischen Trauben - 2022 - I vini di Miriam\" \/>\n<meta property=\"og:description\" content=\"Americana vorwiegend Isabella 100% Leuchtendes Rosa, orangefarbene Reflexe, brillante, intensive Nase mit deutlichen Noten von Walderdbeeren, Kirschen, leichte Kr\u00e4uternoten von frischem Gras. Am Gaumen findet sich die Typizit\u00e4t der Aromen wieder, frisch aromatisch, angenehm, der K\u00f6rper ist langlinig, Leicht zu trinken, ein fr\u00f6hlicher Wein, gek\u00fchlt serviert, sommerlich durch seine fruchtige Leichtigkeit, herbstlich in Verbindung mit gebratenen Kastanien.\" \/>\n<meta property=\"og:url\" content=\"https:\/\/ivinidimiriamshop.ch\/de\/prodotto\/isabea-igt-der-italienischen-schweiz-rose-aus-amerikanischen-trauben-2022\/\" \/>\n<meta property=\"og:site_name\" content=\"I vini di Miriam\" \/>\n<meta property=\"article:publisher\" content=\"https:\/\/www.facebook.com\/ivinidimiriam\" \/>\n<meta property=\"article:modified_time\" content=\"2025-05-18T08:39:15+00:00\" \/>\n<meta property=\"og:image\" content=\"https:\/\/ivinidimiriamshop.ch\/wp-content\/uploads\/2024\/11\/Isabea-2022.jpg\" \/>\n\t<meta property=\"og:image:width\" content=\"1200\" \/>\n\t<meta property=\"og:image:height\" content=\"1200\" \/>\n\t<meta property=\"og:image:type\" content=\"image\/jpeg\" \/>\n<meta name=\"twitter:card\" content=\"summary_large_image\" \/>\n<script type=\"application\/ld+json\" class=\"yoast-schema-graph\">{\"@context\":\"https:\/\/schema.org\",\"@graph\":[{\"@type\":\"WebPage\",\"@id\":\"https:\/\/ivinidimiriamshop.ch\/de\/prodotto\/isabea-igt-der-italienischen-schweiz-rose-aus-amerikanischen-trauben-2022\/\",\"url\":\"https:\/\/ivinidimiriamshop.ch\/de\/prodotto\/isabea-igt-der-italienischen-schweiz-rose-aus-amerikanischen-trauben-2022\/\",\"name\":\"ISABEA, IGT der italienischen Schweiz, Ros\u00e9 aus amerikanischen Trauben - 2022 - I vini di Miriam\",\"isPartOf\":{\"@id\":\"https:\/\/ivinidimiriamshop.ch\/de\/#website\"},\"primaryImageOfPage\":{\"@id\":\"https:\/\/ivinidimiriamshop.ch\/de\/prodotto\/isabea-igt-der-italienischen-schweiz-rose-aus-amerikanischen-trauben-2022\/#primaryimage\"},\"image\":{\"@id\":\"https:\/\/ivinidimiriamshop.ch\/de\/prodotto\/isabea-igt-der-italienischen-schweiz-rose-aus-amerikanischen-trauben-2022\/#primaryimage\"},\"thumbnailUrl\":\"https:\/\/ivinidimiriamshop.ch\/wp-content\/uploads\/2024\/11\/Isabea-2022.jpg\",\"datePublished\":\"2024-11-23T12:50:49+00:00\",\"dateModified\":\"2025-05-18T08:39:15+00:00\",\"breadcrumb\":{\"@id\":\"https:\/\/ivinidimiriamshop.ch\/de\/prodotto\/isabea-igt-der-italienischen-schweiz-rose-aus-amerikanischen-trauben-2022\/#breadcrumb\"},\"inLanguage\":\"de\",\"potentialAction\":[{\"@type\":\"ReadAction\",\"target\":[\"https:\/\/ivinidimiriamshop.ch\/de\/prodotto\/isabea-igt-der-italienischen-schweiz-rose-aus-amerikanischen-trauben-2022\/\"]}]},{\"@type\":\"ImageObject\",\"inLanguage\":\"de\",\"@id\":\"https:\/\/ivinidimiriamshop.ch\/de\/prodotto\/isabea-igt-der-italienischen-schweiz-rose-aus-amerikanischen-trauben-2022\/#primaryimage\",\"url\":\"https:\/\/ivinidimiriamshop.ch\/wp-content\/uploads\/2024\/11\/Isabea-2022.jpg\",\"contentUrl\":\"https:\/\/ivinidimiriamshop.ch\/wp-content\/uploads\/2024\/11\/Isabea-2022.jpg\",\"width\":1200,\"height\":1200},{\"@type\":\"BreadcrumbList\",\"@id\":\"https:\/\/ivinidimiriamshop.ch\/de\/prodotto\/isabea-igt-der-italienischen-schweiz-rose-aus-amerikanischen-trauben-2022\/#breadcrumb\",\"itemListElement\":[{\"@type\":\"ListItem\",\"position\":1,\"name\":\"Startseite\",\"item\":\"https:\/\/ivinidimiriamshop.ch\/de\/\"},{\"@type\":\"ListItem\",\"position\":2,\"name\":\"Shop\",\"item\":\"https:\/\/ivinidimiriamshop.ch\/de\/shop\/\"},{\"@type\":\"ListItem\",\"position\":3,\"name\":\"ISABEA, IGT der italienischen Schweiz, Ros\u00e9 aus amerikanischen Trauben &#8211; 2022\"}]},{\"@type\":\"WebSite\",\"@id\":\"https:\/\/ivinidimiriamshop.ch\/de\/#website\",\"url\":\"https:\/\/ivinidimiriamshop.ch\/de\/\",\"name\":\"I vini di Miriam Shop\",\"description\":\"\",\"publisher\":{\"@id\":\"https:\/\/ivinidimiriamshop.ch\/de\/#organization\"},\"potentialAction\":[{\"@type\":\"SearchAction\",\"target\":{\"@type\":\"EntryPoint\",\"urlTemplate\":\"https:\/\/ivinidimiriamshop.ch\/de\/?s={search_term_string}\"},\"query-input\":{\"@type\":\"PropertyValueSpecification\",\"valueRequired\":true,\"valueName\":\"search_term_string\"}}],\"inLanguage\":\"de\"},{\"@type\":\"Organization\",\"@id\":\"https:\/\/ivinidimiriamshop.ch\/de\/#organization\",\"name\":\"I vini di Miriam Shop\",\"url\":\"https:\/\/ivinidimiriamshop.ch\/de\/\",\"logo\":{\"@type\":\"ImageObject\",\"inLanguage\":\"de\",\"@id\":\"https:\/\/ivinidimiriamshop.ch\/de\/#\/schema\/logo\/image\/\",\"url\":\"https:\/\/ivinidimiriamshop.ch\/wp-content\/uploads\/2024\/12\/Screenshot-2024-12-02-alle-19.31.25-1024x473.png\",\"contentUrl\":\"https:\/\/ivinidimiriamshop.ch\/wp-content\/uploads\/2024\/12\/Screenshot-2024-12-02-alle-19.31.25-1024x473.png\",\"width\":1024,\"height\":473,\"caption\":\"I vini di Miriam Shop\"},\"image\":{\"@id\":\"https:\/\/ivinidimiriamshop.ch\/de\/#\/schema\/logo\/image\/\"},\"sameAs\":[\"https:\/\/www.facebook.com\/ivinidimiriam\"]}]}<\/script>\n<!-- \/ Yoast SEO plugin. -->","yoast_head_json":{"title":"ISABEA, IGT der italienischen Schweiz, Ros\u00e9 aus amerikanischen Trauben - 2022 - I vini di Miriam","robots":{"index":"index","follow":"follow","max-snippet":"max-snippet:-1","max-image-preview":"max-image-preview:large","max-video-preview":"max-video-preview:-1"},"canonical":"https:\/\/ivinidimiriamshop.ch\/de\/prodotto\/isabea-igt-der-italienischen-schweiz-rose-aus-amerikanischen-trauben-2022\/","og_locale":"de_DE","og_type":"article","og_title":"ISABEA, IGT der italienischen Schweiz, Ros\u00e9 aus amerikanischen Trauben - 2022 - I vini di Miriam","og_description":"Americana vorwiegend Isabella 100% Leuchtendes Rosa, orangefarbene Reflexe, brillante, intensive Nase mit deutlichen Noten von Walderdbeeren, Kirschen, leichte Kr\u00e4uternoten von frischem Gras. Am Gaumen findet sich die Typizit\u00e4t der Aromen wieder, frisch aromatisch, angenehm, der K\u00f6rper ist langlinig, Leicht zu trinken, ein fr\u00f6hlicher Wein, gek\u00fchlt serviert, sommerlich durch seine fruchtige Leichtigkeit, herbstlich in Verbindung mit gebratenen Kastanien.","og_url":"https:\/\/ivinidimiriamshop.ch\/de\/prodotto\/isabea-igt-der-italienischen-schweiz-rose-aus-amerikanischen-trauben-2022\/","og_site_name":"I vini di Miriam","article_publisher":"https:\/\/www.facebook.com\/ivinidimiriam","article_modified_time":"2025-05-18T08:39:15+00:00","og_image":[{"width":1200,"height":1200,"url":"https:\/\/ivinidimiriamshop.ch\/wp-content\/uploads\/2024\/11\/Isabea-2022.jpg","type":"image\/jpeg"}],"twitter_card":"summary_large_image","schema":{"@context":"https:\/\/schema.org","@graph":[{"@type":"WebPage","@id":"https:\/\/ivinidimiriamshop.ch\/de\/prodotto\/isabea-igt-der-italienischen-schweiz-rose-aus-amerikanischen-trauben-2022\/","url":"https:\/\/ivinidimiriamshop.ch\/de\/prodotto\/isabea-igt-der-italienischen-schweiz-rose-aus-amerikanischen-trauben-2022\/","name":"ISABEA, IGT der italienischen Schweiz, Ros\u00e9 aus amerikanischen Trauben - 2022 - I vini di Miriam","isPartOf":{"@id":"https:\/\/ivinidimiriamshop.ch\/de\/#website"},"primaryImageOfPage":{"@id":"https:\/\/ivinidimiriamshop.ch\/de\/prodotto\/isabea-igt-der-italienischen-schweiz-rose-aus-amerikanischen-trauben-2022\/#primaryimage"},"image":{"@id":"https:\/\/ivinidimiriamshop.ch\/de\/prodotto\/isabea-igt-der-italienischen-schweiz-rose-aus-amerikanischen-trauben-2022\/#primaryimage"},"thumbnailUrl":"https:\/\/ivinidimiriamshop.ch\/wp-content\/uploads\/2024\/11\/Isabea-2022.jpg","datePublished":"2024-11-23T12:50:49+00:00","dateModified":"2025-05-18T08:39:15+00:00","breadcrumb":{"@id":"https:\/\/ivinidimiriamshop.ch\/de\/prodotto\/isabea-igt-der-italienischen-schweiz-rose-aus-amerikanischen-trauben-2022\/#breadcrumb"},"inLanguage":"de","potentialAction":[{"@type":"ReadAction","target":["https:\/\/ivinidimiriamshop.ch\/de\/prodotto\/isabea-igt-der-italienischen-schweiz-rose-aus-amerikanischen-trauben-2022\/"]}]},{"@type":"ImageObject","inLanguage":"de","@id":"https:\/\/ivinidimiriamshop.ch\/de\/prodotto\/isabea-igt-der-italienischen-schweiz-rose-aus-amerikanischen-trauben-2022\/#primaryimage","url":"https:\/\/ivinidimiriamshop.ch\/wp-content\/uploads\/2024\/11\/Isabea-2022.jpg","contentUrl":"https:\/\/ivinidimiriamshop.ch\/wp-content\/uploads\/2024\/11\/Isabea-2022.jpg","width":1200,"height":1200},{"@type":"BreadcrumbList","@id":"https:\/\/ivinidimiriamshop.ch\/de\/prodotto\/isabea-igt-der-italienischen-schweiz-rose-aus-amerikanischen-trauben-2022\/#breadcrumb","itemListElement":[{"@type":"ListItem","position":1,"name":"Startseite","item":"https:\/\/ivinidimiriamshop.ch\/de\/"},{"@type":"ListItem","position":2,"name":"Shop","item":"https:\/\/ivinidimiriamshop.ch\/de\/shop\/"},{"@type":"ListItem","position":3,"name":"ISABEA, IGT der italienischen Schweiz, Ros\u00e9 aus amerikanischen Trauben &#8211; 2022"}]},{"@type":"WebSite","@id":"https:\/\/ivinidimiriamshop.ch\/de\/#website","url":"https:\/\/ivinidimiriamshop.ch\/de\/","name":"I vini di Miriam Shop","description":"","publisher":{"@id":"https:\/\/ivinidimiriamshop.ch\/de\/#organization"},"potentialAction":[{"@type":"SearchAction","target":{"@type":"EntryPoint","urlTemplate":"https:\/\/ivinidimiriamshop.ch\/de\/?s={search_term_string}"},"query-input":{"@type":"PropertyValueSpecification","valueRequired":true,"valueName":"search_term_string"}}],"inLanguage":"de"},{"@type":"Organization","@id":"https:\/\/ivinidimiriamshop.ch\/de\/#organization","name":"I vini di Miriam Shop","url":"https:\/\/ivinidimiriamshop.ch\/de\/","logo":{"@type":"ImageObject","inLanguage":"de","@id":"https:\/\/ivinidimiriamshop.ch\/de\/#\/schema\/logo\/image\/","url":"https:\/\/ivinidimiriamshop.ch\/wp-content\/uploads\/2024\/12\/Screenshot-2024-12-02-alle-19.31.25-1024x473.png","contentUrl":"https:\/\/ivinidimiriamshop.ch\/wp-content\/uploads\/2024\/12\/Screenshot-2024-12-02-alle-19.31.25-1024x473.png","width":1024,"height":473,"caption":"I vini di Miriam Shop"},"image":{"@id":"https:\/\/ivinidimiriamshop.ch\/de\/#\/schema\/logo\/image\/"},"sameAs":["https:\/\/www.facebook.com\/ivinidimiriam"]}]}},"_links":{"self":[{"href":"https:\/\/ivinidimiriamshop.ch\/de\/wp-json\/wp\/v2\/product\/30692","targetHints":{"allow":["GET"]}}],"collection":[{"href":"https:\/\/ivinidimiriamshop.ch\/de\/wp-json\/wp\/v2\/product"}],"about":[{"href":"https:\/\/ivinidimiriamshop.ch\/de\/wp-json\/wp\/v2\/types\/product"}],"wp:featuredmedia":[{"embeddable":true,"href":"https:\/\/ivinidimiriamshop.ch\/de\/wp-json\/wp\/v2\/media\/30621"}],"wp:attachment":[{"href":"https:\/\/ivinidimiriamshop.ch\/de\/wp-json\/wp\/v2\/media?parent=30692"}],"wp:term":[{"taxonomy":"product_brand","embeddable":true,"href":"https:\/\/ivinidimiriamshop.ch\/de\/wp-json\/wp\/v2\/product_brand?post=30692"},{"taxonomy":"product_cat","embeddable":true,"href":"https:\/\/ivinidimiriamshop.ch\/de\/wp-json\/wp\/v2\/product_cat?post=30692"},{"taxonomy":"product_tag","embeddable":true,"href":"https:\/\/ivinidimiriamshop.ch\/de\/wp-json\/wp\/v2\/product_tag?post=30692"}],"curies":[{"name":"wp","href":"https:\/\/api.w.org\/{rel}","templated":true}]}}