{"id":30804,"date":"2024-09-28T17:26:48","date_gmt":"2024-09-28T15:26:48","guid":{"rendered":"https:\/\/ivinidimiriamshop.ch\/contact\/"},"modified":"2025-05-18T10:39:42","modified_gmt":"2025-05-18T08:39:42","slug":"contact","status":"publish","type":"page","link":"https:\/\/ivinidimiriamshop.ch\/fr\/contact\/","title":{"rendered":"Contact"},"content":{"rendered":"\t\t<div data-elementor-type=\"wp-page\" data-elementor-id=\"30804\" class=\"elementor elementor-30804 elementor-29188\" data-elementor-post-type=\"page\">\n\t\t\t\t<div class=\"elementor-element elementor-element-6a48fd7 e-flex e-con-boxed e-con e-parent\" data-id=\"6a48fd7\" data-element_type=\"container\" data-e-type=\"container\">\n\t\t\t\t\t<div class=\"e-con-inner\">\n\t\t\t\t<div class=\"elementor-element elementor-element-293baba elementor-widget elementor-widget-spacer\" data-id=\"293baba\" data-element_type=\"widget\" data-e-type=\"widget\" data-widget_type=\"spacer.default\">\n\t\t\t\t<div class=\"elementor-widget-container\">\n\t\t\t\t\t\t\t<div class=\"elementor-spacer\">\n\t\t\t<div class=\"elementor-spacer-inner\"><\/div>\n\t\t<\/div>\n\t\t\t\t\t\t<\/div>\n\t\t\t\t<\/div>\n\t\t\t\t\t<\/div>\n\t\t\t\t<\/div>\n\t\t<div class=\"elementor-element elementor-element-8403925 e-flex e-con-boxed e-con e-parent\" data-id=\"8403925\" data-element_type=\"container\" data-e-type=\"container\">\n\t\t\t\t\t<div class=\"e-con-inner\">\n\t\t<div class=\"elementor-element elementor-element-fd0bae0 e-con-full e-flex e-con e-child\" data-id=\"fd0bae0\" data-element_type=\"container\" data-e-type=\"container\">\n\t\t\t\t<div class=\"elementor-element elementor-element-6f79417 elementor-widget elementor-widget-heading\" data-id=\"6f79417\" data-element_type=\"widget\" data-e-type=\"widget\" data-widget_type=\"heading.default\">\n\t\t\t\t<div class=\"elementor-widget-container\">\n\t\t\t\t\t<h2 class=\"elementor-heading-title elementor-size-default\">Contact<\/h2>\t\t\t\t<\/div>\n\t\t\t\t<\/div>\n\t\t\t\t<div class=\"elementor-element elementor-element-8672bdc elementor-widget-divider--view-line elementor-widget elementor-widget-divider\" data-id=\"8672bdc\" data-element_type=\"widget\" data-e-type=\"widget\" data-widget_type=\"divider.default\">\n\t\t\t\t<div class=\"elementor-widget-container\">\n\t\t\t\t\t\t\t<div class=\"elementor-divider\">\n\t\t\t<span class=\"elementor-divider-separator\">\n\t\t\t\t\t\t<\/span>\n\t\t<\/div>\n\t\t\t\t\t\t<\/div>\n\t\t\t\t<\/div>\n\t\t<div class=\"elementor-element elementor-element-577a41f e-con-full e-flex e-con e-child\" data-id=\"577a41f\" data-element_type=\"container\" data-e-type=\"container\">\n\t\t<div class=\"elementor-element elementor-element-6080840 e-con-full e-flex e-con e-child\" data-id=\"6080840\" data-element_type=\"container\" data-e-type=\"container\">\n\t\t\t\t<div class=\"elementor-element elementor-element-56ced63 elementor-widget elementor-widget-heading\" data-id=\"56ced63\" data-element_type=\"widget\" data-e-type=\"widget\" data-widget_type=\"heading.default\">\n\t\t\t\t<div class=\"elementor-widget-container\">\n\t\t\t\t\t<h2 class=\"elementor-heading-title elementor-size-default\">Adresse<\/h2>\t\t\t\t<\/div>\n\t\t\t\t<\/div>\n\t\t\t\t<div class=\"elementor-element elementor-element-0c0c379 elementor-widget elementor-widget-text-editor\" data-id=\"0c0c379\" data-element_type=\"widget\" data-e-type=\"widget\" data-widget_type=\"text-editor.default\">\n\t\t\t\t<div class=\"elementor-widget-container\">\n\t\t\t\t\t\t\t\t\t<p><a href=\"https:\/\/maps.app.goo.gl\/TB3rNzg8897JBk2v6\">Cave <\/a><br><a href=\"https:\/\/maps.app.goo.gl\/TB3rNzg8897JBk2v6\">de Miriam Hermann-Gudio<\/a><br><a href=\"https:\/\/maps.app.goo.gl\/TB3rNzg8897JBk2v6\">6998 Ch\u00e2teau de Monteggio<\/a><\/p>\t\t\t\t\t\t\t\t<\/div>\n\t\t\t\t<\/div>\n\t\t\t\t<div class=\"elementor-element elementor-element-fe38aca elementor-widget elementor-widget-heading\" data-id=\"fe38aca\" data-element_type=\"widget\" data-e-type=\"widget\" data-widget_type=\"heading.default\">\n\t\t\t\t<div class=\"elementor-widget-container\">\n\t\t\t\t\t<h2 class=\"elementor-heading-title elementor-size-default\">T\u00e9l\u00e9phone<\/h2>\t\t\t\t<\/div>\n\t\t\t\t<\/div>\n\t\t\t\t<div class=\"elementor-element elementor-element-b9a4a05 elementor-widget elementor-widget-text-editor\" data-id=\"b9a4a05\" data-element_type=\"widget\" data-e-type=\"widget\" data-widget_type=\"text-editor.default\">\n\t\t\t\t<div class=\"elementor-widget-container\">\n\t\t\t\t\t\t\t\t\t<p><a href=\"tel:0041916000340\">+41 91 600 03 40<\/a><br><a href=\"tel:0041774543332\">+41 77 454 33 32<\/a><\/p>\t\t\t\t\t\t\t\t<\/div>\n\t\t\t\t<\/div>\n\t\t\t\t<div class=\"elementor-element elementor-element-2aaf19b elementor-widget elementor-widget-heading\" data-id=\"2aaf19b\" data-element_type=\"widget\" data-e-type=\"widget\" data-widget_type=\"heading.default\">\n\t\t\t\t<div class=\"elementor-widget-container\">\n\t\t\t\t\t<h2 class=\"elementor-heading-title elementor-size-default\">Courriel<\/h2>\t\t\t\t<\/div>\n\t\t\t\t<\/div>\n\t\t\t\t<div class=\"elementor-element elementor-element-07dc7a2 elementor-widget elementor-widget-text-editor\" data-id=\"07dc7a2\" data-element_type=\"widget\" data-e-type=\"widget\" data-widget_type=\"text-editor.default\">\n\t\t\t\t<div class=\"elementor-widget-container\">\n\t\t\t\t\t\t\t\t\t<p><a href=\"mailto:info@ivinidimiriam.ch\">info@ivinidimiriam.ch<\/a><\/p>\t\t\t\t\t\t\t\t<\/div>\n\t\t\t\t<\/div>\n\t\t\t\t<\/div>\n\t\t<div class=\"elementor-element elementor-element-c41be79 e-con-full e-flex e-con e-child\" data-id=\"c41be79\" data-element_type=\"container\" data-e-type=\"container\">\n\t\t\t\t<div class=\"elementor-element elementor-element-841246c elementor-widget elementor-widget-heading\" data-id=\"841246c\" data-element_type=\"widget\" data-e-type=\"widget\" data-widget_type=\"heading.default\">\n\t\t\t\t<div class=\"elementor-widget-container\">\n\t\t\t\t\t<h2 class=\"elementor-heading-title elementor-size-default\">\u00e9crivez-nous ici :<\/h2>\t\t\t\t<\/div>\n\t\t\t\t<\/div>\n\t\t\t\t<div class=\"elementor-element elementor-element-726f319 elementor-button-align-stretch elementor-widget elementor-widget-form\" data-id=\"726f319\" data-element_type=\"widget\" data-e-type=\"widget\" data-settings=\"{&quot;step_next_label&quot;:&quot;Suivant&quot;,&quot;step_previous_label&quot;:&quot;Pr\\u00e9c\\u00e9dent&quot;,&quot;button_width&quot;:&quot;100&quot;,&quot;step_type&quot;:&quot;number_text&quot;,&quot;step_icon_shape&quot;:&quot;circle&quot;}\" data-widget_type=\"form.default\">\n\t\t\t\t<div class=\"elementor-widget-container\">\n\t\t\t\t\t\t\t<form class=\"elementor-form\" method=\"post\" name=\"Nouveau module\" aria-label=\"Nouveau module\">\n\t\t\t<input type=\"hidden\" name=\"post_id\" value=\"30804\"\/>\n\t\t\t<input type=\"hidden\" name=\"form_id\" value=\"726f319\"\/>\n\t\t\t<input type=\"hidden\" name=\"referer_title\" value=\"I vini di Miriam\" \/>\n\n\t\t\t\n\t\t\t<div class=\"elementor-form-fields-wrapper elementor-labels-\">\n\t\t\t\t\t\t\t\t<div class=\"elementor-field-type-text elementor-field-group elementor-column elementor-field-group-name elementor-col-50 elementor-field-required\">\n\t\t\t\t\t\t\t\t\t\t\t\t<label for=\"form-field-name\" class=\"elementor-field-label elementor-screen-only\">\n\t\t\t\t\t\t\t\tNom\t\t\t\t\t\t\t<\/label>\n\t\t\t\t\t\t\t\t\t\t\t\t\t\t<input size=\"1\" type=\"text\" name=\"form_fields[name]\" id=\"form-field-name\" class=\"elementor-field elementor-size-sm  elementor-field-textual\" placeholder=\"Nom\" required=\"required\">\n\t\t\t\t\t\t\t\t\t\t\t<\/div>\n\t\t\t\t\t\t\t\t<div class=\"elementor-field-type-text elementor-field-group elementor-column elementor-field-group-field_4ec1a93 elementor-col-50 elementor-field-required\">\n\t\t\t\t\t\t\t\t\t\t\t\t<label for=\"form-field-field_4ec1a93\" class=\"elementor-field-label elementor-screen-only\">\n\t\t\t\t\t\t\t\tNom de famille\t\t\t\t\t\t\t<\/label>\n\t\t\t\t\t\t\t\t\t\t\t\t\t\t<input size=\"1\" type=\"text\" name=\"form_fields[field_4ec1a93]\" id=\"form-field-field_4ec1a93\" class=\"elementor-field elementor-size-sm  elementor-field-textual\" placeholder=\"Nom de famille\" required=\"required\">\n\t\t\t\t\t\t\t\t\t\t\t<\/div>\n\t\t\t\t\t\t\t\t<div class=\"elementor-field-type-email elementor-field-group elementor-column elementor-field-group-email elementor-col-50 elementor-field-required\">\n\t\t\t\t\t\t\t\t\t\t\t\t<label for=\"form-field-email\" class=\"elementor-field-label elementor-screen-only\">\n\t\t\t\t\t\t\t\tCourriel\t\t\t\t\t\t\t<\/label>\n\t\t\t\t\t\t\t\t\t\t\t\t\t\t<input size=\"1\" type=\"email\" name=\"form_fields[email]\" id=\"form-field-email\" class=\"elementor-field elementor-size-sm  elementor-field-textual\" placeholder=\"Saisissez votre adresse \u00e9lectronique\" required=\"required\">\n\t\t\t\t\t\t\t\t\t\t\t<\/div>\n\t\t\t\t\t\t\t\t<div class=\"elementor-field-type-tel elementor-field-group elementor-column elementor-field-group-field_494b5c8 elementor-col-50\">\n\t\t\t\t\t\t\t\t\t\t\t\t<label for=\"form-field-field_494b5c8\" class=\"elementor-field-label elementor-screen-only\">\n\t\t\t\t\t\t\t\tT\u00e9l\u00e9phone\t\t\t\t\t\t\t<\/label>\n\t\t\t\t\t\t\t\t<input size=\"1\" type=\"tel\" name=\"form_fields[field_494b5c8]\" id=\"form-field-field_494b5c8\" class=\"elementor-field elementor-size-sm  elementor-field-textual\" placeholder=\"Saisissez votre num\u00e9ro de t\u00e9l\u00e9phone\" pattern=\"[0-9()#&amp;+*-=.]+\" title=\"Seuls les caract\u00e8res de num\u00e9ros de t\u00e9l\u00e9phone (#, -, *, etc.) sont accept\u00e9s.\">\n\n\t\t\t\t\t\t<\/div>\n\t\t\t\t\t\t\t\t<div class=\"elementor-field-type-textarea elementor-field-group elementor-column elementor-field-group-message elementor-col-100 elementor-field-required\">\n\t\t\t\t\t\t\t\t\t\t\t\t<label for=\"form-field-message\" class=\"elementor-field-label elementor-screen-only\">\n\t\t\t\t\t\t\t\tMessage\t\t\t\t\t\t\t<\/label>\n\t\t\t\t\t\t<textarea class=\"elementor-field-textual elementor-field  elementor-size-sm\" name=\"form_fields[message]\" id=\"form-field-message\" rows=\"4\" placeholder=\"Message\" required=\"required\"><\/textarea>\t\t\t\t<\/div>\n\t\t\t\t\t\t\t\t<div class=\"elementor-field-type-acceptance elementor-field-group elementor-column elementor-field-group-field_654a196 elementor-col-100 elementor-field-required\">\n\t\t\t\t\t\t\t\t\t\t\t\t<label for=\"form-field-field_654a196\" class=\"elementor-field-label elementor-screen-only\">\n\t\t\t\t\t\t\t\tCONSENTEMENT AU TRAITEMENT DES DONN\u00c9ES\t\t\t\t\t\t\t<\/label>\n\t\t\t\t\t\t\t\t<div class=\"elementor-field-subgroup\">\n\t\t\t<span class=\"elementor-field-option\">\n\t\t\t\t<input type=\"checkbox\" name=\"form_fields[field_654a196]\" id=\"form-field-field_654a196\" class=\"elementor-field elementor-size-sm  elementor-acceptance-field\" required=\"required\">\n\t\t\t\t<label for=\"form-field-field_654a196\">CONSENTEMENT AU TRAITEMENT DES DONN\u00c9ES PERSONNELLES :<br> En soumettant ce formulaire, je d\u00e9clare avoir lu et compris la politique de confidentialit\u00e9 et j'accepte tout ce qui y est \u00e9crit en cons\u00e9quence.<br>Lire la<a href=\"https:\/\/ivinidimiriamshop.ch\/privacy-policy\/\">politique de confidentialit\u00e9<\/a><\/label>\t\t\t<\/span>\n\t\t<\/div>\n\t\t\t\t\t\t<\/div>\n\t\t\t\t\t\t\t\t<div class=\"elementor-field-group elementor-column elementor-field-type-submit elementor-col-100 e-form__buttons\">\n\t\t\t\t\t<button class=\"elementor-button elementor-size-sm\" type=\"submit\">\n\t\t\t\t\t\t<span class=\"elementor-button-content-wrapper\">\n\t\t\t\t\t\t\t\t\t\t\t\t\t\t\t\t\t\t\t\t\t\t<span class=\"elementor-button-text\">Envoyer<\/span>\n\t\t\t\t\t\t\t\t\t\t\t\t\t<\/span>\n\t\t\t\t\t<\/button>\n\t\t\t\t<\/div>\n\t\t\t<\/div>\n\t\t<\/form>\n\t\t\t\t\t\t<\/div>\n\t\t\t\t<\/div>\n\t\t\t\t<\/div>\n\t\t\t\t<\/div>\n\t\t\t\t<\/div>\n\t\t\t\t\t<\/div>\n\t\t\t\t<\/div>\n\t\t<div class=\"elementor-element elementor-element-c13f3cc e-flex e-con-boxed e-con e-parent\" data-id=\"c13f3cc\" data-element_type=\"container\" data-e-type=\"container\">\n\t\t\t\t\t<div class=\"e-con-inner\">\n\t\t\t\t<div class=\"elementor-element elementor-element-4dc06fa elementor-widget elementor-widget-google_maps\" data-id=\"4dc06fa\" data-element_type=\"widget\" data-e-type=\"widget\" data-widget_type=\"google_maps.default\">\n\t\t\t\t<div class=\"elementor-widget-container\">\n\t\t\t\t\t\t\t<div class=\"elementor-custom-embed\">\n\t\t\t<iframe loading=\"lazy\"\n\t\t\t\t\tsrc=\"https:\/\/maps.google.com\/maps?q=Azienda%20vitivinicola%20di%20Miriam%20Hermann-Gudio%206998%20Castello%20di%20Monteggio&#038;t=m&#038;z=14&#038;output=embed&#038;iwloc=near\"\n\t\t\t\t\ttitle=\"Azienda vitivinicola di Miriam Hermann-Gudio 6998 Castello di Monteggio\"\n\t\t\t\t\taria-label=\"Azienda vitivinicola di Miriam Hermann-Gudio 6998 Castello di Monteggio\"\n\t\t\t><\/iframe>\n\t\t<\/div>\n\t\t\t\t\t\t<\/div>\n\t\t\t\t<\/div>\n\t\t\t\t\t<\/div>\n\t\t\t\t<\/div>\n\t\t\t\t<\/div>\n\t\t","protected":false},"excerpt":{"rendered":"<p>Contact Adresse Cave de Miriam Hermann-Gudio6998 Ch\u00e2teau de Monteggio T\u00e9l\u00e9phone +41 91 600 03 40+41 77 454 33 32 Courriel [&hellip;]<\/p>\n","protected":false},"author":1,"featured_media":0,"parent":0,"menu_order":0,"comment_status":"closed","ping_status":"closed","template":"","meta":{"site-sidebar-layout":"no-sidebar","site-content-layout":"","ast-site-content-layout":"full-width-container","site-content-style":"default","site-sidebar-style":"default","ast-global-header-display":"","ast-banner-title-visibility":"","ast-main-header-display":"","ast-hfb-above-header-display":"","ast-hfb-below-header-display":"","ast-hfb-mobile-header-display":"","site-post-title":"disabled","ast-breadcrumbs-content":"","ast-featured-img":"disabled","footer-sml-layout":"","ast-disable-related-posts":"","theme-transparent-header-meta":"","adv-header-id-meta":"","stick-header-meta":"","header-above-stick-meta":"","header-main-stick-meta":"","header-below-stick-meta":"","astra-migrate-meta-layouts":"default","ast-page-background-enabled":"default","ast-page-background-meta":{"desktop":{"background-color":"var(--ast-global-color-4)","background-image":"","background-repeat":"repeat","background-position":"center center","background-size":"auto","background-attachment":"scroll","background-type":"","background-media":"","overlay-type":"","overlay-color":"","overlay-opacity":"","overlay-gradient":""},"tablet":{"background-color":"","background-image":"","background-repeat":"repeat","background-position":"center center","background-size":"auto","background-attachment":"scroll","background-type":"","background-media":"","overlay-type":"","overlay-color":"","overlay-opacity":"","overlay-gradient":""},"mobile":{"background-color":"","background-image":"","background-repeat":"repeat","background-position":"center center","background-size":"auto","background-attachment":"scroll","background-type":"","background-media":"","overlay-type":"","overlay-color":"","overlay-opacity":"","overlay-gradient":""}},"ast-content-background-meta":{"desktop":{"background-color":"var(--ast-global-color-5)","background-image":"","background-repeat":"repeat","background-position":"center center","background-size":"auto","background-attachment":"scroll","background-type":"","background-media":"","overlay-type":"","overlay-color":"","overlay-opacity":"","overlay-gradient":""},"tablet":{"background-color":"var(--ast-global-color-5)","background-image":"","background-repeat":"repeat","background-position":"center center","background-size":"auto","background-attachment":"scroll","background-type":"","background-media":"","overlay-type":"","overlay-color":"","overlay-opacity":"","overlay-gradient":""},"mobile":{"background-color":"var(--ast-global-color-5)","background-image":"","background-repeat":"repeat","background-position":"center center","background-size":"auto","background-attachment":"scroll","background-type":"","background-media":"","overlay-type":"","overlay-color":"","overlay-opacity":"","overlay-gradient":""}},"footnotes":""},"class_list":["post-30804","page","type-page","status-publish","hentry"],"yoast_head":"<!-- This site is optimized with the Yoast SEO plugin v26.9 - https:\/\/yoast.com\/product\/yoast-seo-wordpress\/ -->\n<title>I Vini di Miriam Shop - Contact cave \u00e0 Malcantone<\/title>\n<meta name=\"description\" content=\"Trouvez toutes les coordonn\u00e9es de I Vini di Miriam. \u00c9crivez-nous, appelez-nous ou envoyez-nous un courriel pour en savoir plus sur nos vins artisanaux et notre cave.\" \/>\n<meta name=\"robots\" content=\"index, follow, max-snippet:-1, max-image-preview:large, max-video-preview:-1\" \/>\n<link rel=\"canonical\" href=\"https:\/\/ivinidimiriamshop.ch\/fr\/contact\/\" \/>\n<meta property=\"og:locale\" content=\"fr_FR\" \/>\n<meta property=\"og:type\" content=\"article\" \/>\n<meta property=\"og:title\" content=\"I Vini di Miriam Shop - Contact cave \u00e0 Malcantone\" \/>\n<meta property=\"og:description\" content=\"Trouvez toutes les coordonn\u00e9es de I Vini di Miriam. \u00c9crivez-nous, appelez-nous ou envoyez-nous un courriel pour en savoir plus sur nos vins artisanaux et notre cave.\" \/>\n<meta property=\"og:url\" content=\"https:\/\/ivinidimiriamshop.ch\/fr\/contact\/\" \/>\n<meta property=\"og:site_name\" content=\"I vini di Miriam\" \/>\n<meta property=\"article:publisher\" content=\"https:\/\/www.facebook.com\/ivinidimiriam\" \/>\n<meta property=\"article:modified_time\" content=\"2025-05-18T08:39:42+00:00\" \/>\n<meta name=\"twitter:card\" content=\"summary_large_image\" \/>\n<script type=\"application\/ld+json\" class=\"yoast-schema-graph\">{\"@context\":\"https:\/\/schema.org\",\"@graph\":[{\"@type\":\"WebPage\",\"@id\":\"https:\/\/ivinidimiriamshop.ch\/fr\/contact\/\",\"url\":\"https:\/\/ivinidimiriamshop.ch\/fr\/contact\/\",\"name\":\"I Vini di Miriam Shop - Contact cave \u00e0 Malcantone\",\"isPartOf\":{\"@id\":\"https:\/\/ivinidimiriamshop.ch\/fr\/#website\"},\"datePublished\":\"2024-09-28T15:26:48+00:00\",\"dateModified\":\"2025-05-18T08:39:42+00:00\",\"description\":\"Trouvez toutes les coordonn\u00e9es de I Vini di Miriam. \u00c9crivez-nous, appelez-nous ou envoyez-nous un courriel pour en savoir plus sur nos vins artisanaux et notre cave.\",\"breadcrumb\":{\"@id\":\"https:\/\/ivinidimiriamshop.ch\/fr\/contact\/#breadcrumb\"},\"inLanguage\":\"fr-FR\",\"potentialAction\":[{\"@type\":\"ReadAction\",\"target\":[\"https:\/\/ivinidimiriamshop.ch\/fr\/contact\/\"]}]},{\"@type\":\"BreadcrumbList\",\"@id\":\"https:\/\/ivinidimiriamshop.ch\/fr\/contact\/#breadcrumb\",\"itemListElement\":[{\"@type\":\"ListItem\",\"position\":1,\"name\":\"Accueil\",\"item\":\"https:\/\/ivinidimiriamshop.ch\/fr\/?page_id=30859\"},{\"@type\":\"ListItem\",\"position\":2,\"name\":\"Contact\"}]},{\"@type\":\"WebSite\",\"@id\":\"https:\/\/ivinidimiriamshop.ch\/fr\/#website\",\"url\":\"https:\/\/ivinidimiriamshop.ch\/fr\/\",\"name\":\"I vini di Miriam Shop\",\"description\":\"\",\"publisher\":{\"@id\":\"https:\/\/ivinidimiriamshop.ch\/fr\/#organization\"},\"potentialAction\":[{\"@type\":\"SearchAction\",\"target\":{\"@type\":\"EntryPoint\",\"urlTemplate\":\"https:\/\/ivinidimiriamshop.ch\/fr\/?s={search_term_string}\"},\"query-input\":{\"@type\":\"PropertyValueSpecification\",\"valueRequired\":true,\"valueName\":\"search_term_string\"}}],\"inLanguage\":\"fr-FR\"},{\"@type\":\"Organization\",\"@id\":\"https:\/\/ivinidimiriamshop.ch\/fr\/#organization\",\"name\":\"I vini di Miriam Shop\",\"url\":\"https:\/\/ivinidimiriamshop.ch\/fr\/\",\"logo\":{\"@type\":\"ImageObject\",\"inLanguage\":\"fr-FR\",\"@id\":\"https:\/\/ivinidimiriamshop.ch\/fr\/#\/schema\/logo\/image\/\",\"url\":\"https:\/\/ivinidimiriamshop.ch\/wp-content\/uploads\/2024\/12\/Screenshot-2024-12-02-alle-19.31.25-1024x473.png\",\"contentUrl\":\"https:\/\/ivinidimiriamshop.ch\/wp-content\/uploads\/2024\/12\/Screenshot-2024-12-02-alle-19.31.25-1024x473.png\",\"width\":1024,\"height\":473,\"caption\":\"I vini di Miriam Shop\"},\"image\":{\"@id\":\"https:\/\/ivinidimiriamshop.ch\/fr\/#\/schema\/logo\/image\/\"},\"sameAs\":[\"https:\/\/www.facebook.com\/ivinidimiriam\"]}]}<\/script>\n<!-- \/ Yoast SEO plugin. -->","yoast_head_json":{"title":"I Vini di Miriam Shop - Contact cave \u00e0 Malcantone","description":"Trouvez toutes les coordonn\u00e9es de I Vini di Miriam. \u00c9crivez-nous, appelez-nous ou envoyez-nous un courriel pour en savoir plus sur nos vins artisanaux et notre cave.","robots":{"index":"index","follow":"follow","max-snippet":"max-snippet:-1","max-image-preview":"max-image-preview:large","max-video-preview":"max-video-preview:-1"},"canonical":"https:\/\/ivinidimiriamshop.ch\/fr\/contact\/","og_locale":"fr_FR","og_type":"article","og_title":"I Vini di Miriam Shop - Contact cave \u00e0 Malcantone","og_description":"Trouvez toutes les coordonn\u00e9es de I Vini di Miriam. \u00c9crivez-nous, appelez-nous ou envoyez-nous un courriel pour en savoir plus sur nos vins artisanaux et notre cave.","og_url":"https:\/\/ivinidimiriamshop.ch\/fr\/contact\/","og_site_name":"I vini di Miriam","article_publisher":"https:\/\/www.facebook.com\/ivinidimiriam","article_modified_time":"2025-05-18T08:39:42+00:00","twitter_card":"summary_large_image","schema":{"@context":"https:\/\/schema.org","@graph":[{"@type":"WebPage","@id":"https:\/\/ivinidimiriamshop.ch\/fr\/contact\/","url":"https:\/\/ivinidimiriamshop.ch\/fr\/contact\/","name":"I Vini di Miriam Shop - Contact cave \u00e0 Malcantone","isPartOf":{"@id":"https:\/\/ivinidimiriamshop.ch\/fr\/#website"},"datePublished":"2024-09-28T15:26:48+00:00","dateModified":"2025-05-18T08:39:42+00:00","description":"Trouvez toutes les coordonn\u00e9es de I Vini di Miriam. \u00c9crivez-nous, appelez-nous ou envoyez-nous un courriel pour en savoir plus sur nos vins artisanaux et notre cave.","breadcrumb":{"@id":"https:\/\/ivinidimiriamshop.ch\/fr\/contact\/#breadcrumb"},"inLanguage":"fr-FR","potentialAction":[{"@type":"ReadAction","target":["https:\/\/ivinidimiriamshop.ch\/fr\/contact\/"]}]},{"@type":"BreadcrumbList","@id":"https:\/\/ivinidimiriamshop.ch\/fr\/contact\/#breadcrumb","itemListElement":[{"@type":"ListItem","position":1,"name":"Accueil","item":"https:\/\/ivinidimiriamshop.ch\/fr\/?page_id=30859"},{"@type":"ListItem","position":2,"name":"Contact"}]},{"@type":"WebSite","@id":"https:\/\/ivinidimiriamshop.ch\/fr\/#website","url":"https:\/\/ivinidimiriamshop.ch\/fr\/","name":"I vini di Miriam Shop","description":"","publisher":{"@id":"https:\/\/ivinidimiriamshop.ch\/fr\/#organization"},"potentialAction":[{"@type":"SearchAction","target":{"@type":"EntryPoint","urlTemplate":"https:\/\/ivinidimiriamshop.ch\/fr\/?s={search_term_string}"},"query-input":{"@type":"PropertyValueSpecification","valueRequired":true,"valueName":"search_term_string"}}],"inLanguage":"fr-FR"},{"@type":"Organization","@id":"https:\/\/ivinidimiriamshop.ch\/fr\/#organization","name":"I vini di Miriam Shop","url":"https:\/\/ivinidimiriamshop.ch\/fr\/","logo":{"@type":"ImageObject","inLanguage":"fr-FR","@id":"https:\/\/ivinidimiriamshop.ch\/fr\/#\/schema\/logo\/image\/","url":"https:\/\/ivinidimiriamshop.ch\/wp-content\/uploads\/2024\/12\/Screenshot-2024-12-02-alle-19.31.25-1024x473.png","contentUrl":"https:\/\/ivinidimiriamshop.ch\/wp-content\/uploads\/2024\/12\/Screenshot-2024-12-02-alle-19.31.25-1024x473.png","width":1024,"height":473,"caption":"I vini di Miriam Shop"},"image":{"@id":"https:\/\/ivinidimiriamshop.ch\/fr\/#\/schema\/logo\/image\/"},"sameAs":["https:\/\/www.facebook.com\/ivinidimiriam"]}]}},"_links":{"self":[{"href":"https:\/\/ivinidimiriamshop.ch\/fr\/wp-json\/wp\/v2\/pages\/30804","targetHints":{"allow":["GET"]}}],"collection":[{"href":"https:\/\/ivinidimiriamshop.ch\/fr\/wp-json\/wp\/v2\/pages"}],"about":[{"href":"https:\/\/ivinidimiriamshop.ch\/fr\/wp-json\/wp\/v2\/types\/page"}],"author":[{"embeddable":true,"href":"https:\/\/ivinidimiriamshop.ch\/fr\/wp-json\/wp\/v2\/users\/1"}],"replies":[{"embeddable":true,"href":"https:\/\/ivinidimiriamshop.ch\/fr\/wp-json\/wp\/v2\/comments?post=30804"}],"version-history":[{"count":2,"href":"https:\/\/ivinidimiriamshop.ch\/fr\/wp-json\/wp\/v2\/pages\/30804\/revisions"}],"predecessor-version":[{"id":30811,"href":"https:\/\/ivinidimiriamshop.ch\/fr\/wp-json\/wp\/v2\/pages\/30804\/revisions\/30811"}],"wp:attachment":[{"href":"https:\/\/ivinidimiriamshop.ch\/fr\/wp-json\/wp\/v2\/media?parent=30804"}],"curies":[{"name":"wp","href":"https:\/\/api.w.org\/{rel}","templated":true}]}}