{"id":30684,"date":"2024-11-23T14:25:19","date_gmt":"2024-11-23T13:25:19","guid":{"rendered":"https:\/\/ivinidimiriamshop.ch\/prodotto\/riserva-del-cassinott-doc-ticino-merlot-di-sessa-2021\/"},"modified":"2025-05-18T10:39:10","modified_gmt":"2025-05-18T08:39:10","slug":"riserva-del-cassinott-doc-ticino-merlot-di-sessa-2021","status":"publish","type":"product","link":"https:\/\/ivinidimiriamshop.ch\/fr\/prodotto\/riserva-del-cassinott-doc-ticino-merlot-di-sessa-2021\/","title":{"rendered":"RISERVA DEL CASSINOTT, DOC TICINO, Merlot di Sessa &#8211; 2021"},"content":{"rendered":"","protected":false},"excerpt":{"rendered":"<p>Merlot 100%<\/p>\n<p>Rouge rubis, reflets grenat, limpide.<\/p>\n<p>Ar\u00f4mes intenses, complexes, fruits noirs, prunes et m\u00fbres, \u00e9pices douces, notes torr\u00e9fi\u00e9es douces, riche, notes de baies noires, vin de profondeur et d&rsquo;\u00e9l\u00e9gance,<\/p>\n<p>En bouche riche, complexe, il est frais et a des tanins pr\u00e9sents et \u00e9l\u00e9gants, c&rsquo;est un vin cors\u00e9 et de longue dur\u00e9e.<\/p>\n<p>Accord avec des plats importants, des pr\u00e9parations \u00e9labor\u00e9es et riches ou des occasions sp\u00e9ciales, il est apte \u00e0 un long vieillissement.<\/p>\n","protected":false},"featured_media":30636,"template":"","meta":{"site-sidebar-layout":"default","site-content-layout":"","ast-site-content-layout":"default","site-content-style":"default","site-sidebar-style":"default","ast-global-header-display":"","ast-banner-title-visibility":"","ast-main-header-display":"","ast-hfb-above-header-display":"","ast-hfb-below-header-display":"","ast-hfb-mobile-header-display":"","site-post-title":"","ast-breadcrumbs-content":"","ast-featured-img":"","footer-sml-layout":"","ast-disable-related-posts":"","theme-transparent-header-meta":"default","adv-header-id-meta":"","stick-header-meta":"","header-above-stick-meta":"","header-main-stick-meta":"","header-below-stick-meta":"","astra-migrate-meta-layouts":"default","ast-page-background-enabled":"default","ast-page-background-meta":{"desktop":{"background-color":"var(--ast-global-color-4)","background-image":"","background-repeat":"repeat","background-position":"center center","background-size":"auto","background-attachment":"scroll","background-type":"","background-media":"","overlay-type":"","overlay-color":"","overlay-opacity":"","overlay-gradient":""},"tablet":{"background-color":"","background-image":"","background-repeat":"repeat","background-position":"center center","background-size":"auto","background-attachment":"scroll","background-type":"","background-media":"","overlay-type":"","overlay-color":"","overlay-opacity":"","overlay-gradient":""},"mobile":{"background-color":"","background-image":"","background-repeat":"repeat","background-position":"center center","background-size":"auto","background-attachment":"scroll","background-type":"","background-media":"","overlay-type":"","overlay-color":"","overlay-opacity":"","overlay-gradient":""}},"ast-content-background-meta":{"desktop":{"background-color":"var(--ast-global-color-5)","background-image":"","background-repeat":"repeat","background-position":"center center","background-size":"auto","background-attachment":"scroll","background-type":"","background-media":"","overlay-type":"","overlay-color":"","overlay-opacity":"","overlay-gradient":""},"tablet":{"background-color":"var(--ast-global-color-5)","background-image":"","background-repeat":"repeat","background-position":"center center","background-size":"auto","background-attachment":"scroll","background-type":"","background-media":"","overlay-type":"","overlay-color":"","overlay-opacity":"","overlay-gradient":""},"mobile":{"background-color":"var(--ast-global-color-5)","background-image":"","background-repeat":"repeat","background-position":"center center","background-size":"auto","background-attachment":"scroll","background-type":"","background-media":"","overlay-type":"","overlay-color":"","overlay-opacity":"","overlay-gradient":""}}},"product_brand":[],"product_cat":[68,67],"product_tag":[],"class_list":{"0":"post-30684","1":"product","2":"type-product","3":"status-publish","4":"has-post-thumbnail","6":"product_cat-2021-fr","7":"product_cat-rossi-fr","8":"desktop-align-left","9":"tablet-align-left","10":"mobile-align-left","12":"first","13":"instock","14":"taxable","15":"shipping-taxable","16":"purchasable","17":"product-type-simple"},"yoast_head":"<!-- This site is optimized with the Yoast SEO plugin v26.9 - https:\/\/yoast.com\/product\/yoast-seo-wordpress\/ -->\n<title>RISERVA DEL CASSINOTT, DOC TICINO, Merlot di Sessa - 2021 - I vini di Miriam<\/title>\n<meta name=\"robots\" content=\"index, follow, max-snippet:-1, max-image-preview:large, max-video-preview:-1\" \/>\n<link rel=\"canonical\" href=\"https:\/\/ivinidimiriamshop.ch\/fr\/prodotto\/riserva-del-cassinott-doc-ticino-merlot-di-sessa-2021\/\" \/>\n<meta property=\"og:locale\" content=\"fr_FR\" \/>\n<meta property=\"og:type\" content=\"article\" \/>\n<meta property=\"og:title\" content=\"RISERVA DEL CASSINOTT, DOC TICINO, Merlot di Sessa - 2021 - I vini di Miriam\" \/>\n<meta property=\"og:description\" content=\"Merlot 100% Rouge rubis, reflets grenat, limpide. Ar\u00f4mes intenses, complexes, fruits noirs, prunes et m\u00fbres, \u00e9pices douces, notes torr\u00e9fi\u00e9es douces, riche, notes de baies noires, vin de profondeur et d&#039;\u00e9l\u00e9gance, En bouche riche, complexe, il est frais et a des tanins pr\u00e9sents et \u00e9l\u00e9gants, c&#039;est un vin cors\u00e9 et de longue dur\u00e9e. Accord avec des plats importants, des pr\u00e9parations \u00e9labor\u00e9es et riches ou des occasions sp\u00e9ciales, il est apte \u00e0 un long vieillissement.\" \/>\n<meta property=\"og:url\" content=\"https:\/\/ivinidimiriamshop.ch\/fr\/prodotto\/riserva-del-cassinott-doc-ticino-merlot-di-sessa-2021\/\" \/>\n<meta property=\"og:site_name\" content=\"I vini di Miriam\" \/>\n<meta property=\"article:publisher\" content=\"https:\/\/www.facebook.com\/ivinidimiriam\" \/>\n<meta property=\"article:modified_time\" content=\"2025-05-18T08:39:10+00:00\" \/>\n<meta property=\"og:image\" content=\"https:\/\/ivinidimiriamshop.ch\/wp-content\/uploads\/2024\/11\/Riserva-del-Cassinott-2021.jpg\" \/>\n\t<meta property=\"og:image:width\" content=\"1200\" \/>\n\t<meta property=\"og:image:height\" content=\"1200\" \/>\n\t<meta property=\"og:image:type\" content=\"image\/jpeg\" \/>\n<meta name=\"twitter:card\" content=\"summary_large_image\" \/>\n<script type=\"application\/ld+json\" class=\"yoast-schema-graph\">{\"@context\":\"https:\/\/schema.org\",\"@graph\":[{\"@type\":\"WebPage\",\"@id\":\"https:\/\/ivinidimiriamshop.ch\/fr\/prodotto\/riserva-del-cassinott-doc-ticino-merlot-di-sessa-2021\/\",\"url\":\"https:\/\/ivinidimiriamshop.ch\/fr\/prodotto\/riserva-del-cassinott-doc-ticino-merlot-di-sessa-2021\/\",\"name\":\"RISERVA DEL CASSINOTT, DOC TICINO, Merlot di Sessa - 2021 - I vini di Miriam\",\"isPartOf\":{\"@id\":\"https:\/\/ivinidimiriamshop.ch\/fr\/#website\"},\"primaryImageOfPage\":{\"@id\":\"https:\/\/ivinidimiriamshop.ch\/fr\/prodotto\/riserva-del-cassinott-doc-ticino-merlot-di-sessa-2021\/#primaryimage\"},\"image\":{\"@id\":\"https:\/\/ivinidimiriamshop.ch\/fr\/prodotto\/riserva-del-cassinott-doc-ticino-merlot-di-sessa-2021\/#primaryimage\"},\"thumbnailUrl\":\"https:\/\/ivinidimiriamshop.ch\/wp-content\/uploads\/2024\/11\/Riserva-del-Cassinott-2021.jpg\",\"datePublished\":\"2024-11-23T13:25:19+00:00\",\"dateModified\":\"2025-05-18T08:39:10+00:00\",\"breadcrumb\":{\"@id\":\"https:\/\/ivinidimiriamshop.ch\/fr\/prodotto\/riserva-del-cassinott-doc-ticino-merlot-di-sessa-2021\/#breadcrumb\"},\"inLanguage\":\"fr-FR\",\"potentialAction\":[{\"@type\":\"ReadAction\",\"target\":[\"https:\/\/ivinidimiriamshop.ch\/fr\/prodotto\/riserva-del-cassinott-doc-ticino-merlot-di-sessa-2021\/\"]}]},{\"@type\":\"ImageObject\",\"inLanguage\":\"fr-FR\",\"@id\":\"https:\/\/ivinidimiriamshop.ch\/fr\/prodotto\/riserva-del-cassinott-doc-ticino-merlot-di-sessa-2021\/#primaryimage\",\"url\":\"https:\/\/ivinidimiriamshop.ch\/wp-content\/uploads\/2024\/11\/Riserva-del-Cassinott-2021.jpg\",\"contentUrl\":\"https:\/\/ivinidimiriamshop.ch\/wp-content\/uploads\/2024\/11\/Riserva-del-Cassinott-2021.jpg\",\"width\":1200,\"height\":1200},{\"@type\":\"BreadcrumbList\",\"@id\":\"https:\/\/ivinidimiriamshop.ch\/fr\/prodotto\/riserva-del-cassinott-doc-ticino-merlot-di-sessa-2021\/#breadcrumb\",\"itemListElement\":[{\"@type\":\"ListItem\",\"position\":1,\"name\":\"Accueil\",\"item\":\"https:\/\/ivinidimiriamshop.ch\/fr\/?page_id=30859\"},{\"@type\":\"ListItem\",\"position\":2,\"name\":\"Shop\",\"item\":\"https:\/\/ivinidimiriamshop.ch\/fr\/boutique\/\"},{\"@type\":\"ListItem\",\"position\":3,\"name\":\"RISERVA DEL CASSINOTT, DOC TICINO, Merlot di Sessa &#8211; 2021\"}]},{\"@type\":\"WebSite\",\"@id\":\"https:\/\/ivinidimiriamshop.ch\/fr\/#website\",\"url\":\"https:\/\/ivinidimiriamshop.ch\/fr\/\",\"name\":\"I vini di Miriam Shop\",\"description\":\"\",\"publisher\":{\"@id\":\"https:\/\/ivinidimiriamshop.ch\/fr\/#organization\"},\"potentialAction\":[{\"@type\":\"SearchAction\",\"target\":{\"@type\":\"EntryPoint\",\"urlTemplate\":\"https:\/\/ivinidimiriamshop.ch\/fr\/?s={search_term_string}\"},\"query-input\":{\"@type\":\"PropertyValueSpecification\",\"valueRequired\":true,\"valueName\":\"search_term_string\"}}],\"inLanguage\":\"fr-FR\"},{\"@type\":\"Organization\",\"@id\":\"https:\/\/ivinidimiriamshop.ch\/fr\/#organization\",\"name\":\"I vini di Miriam Shop\",\"url\":\"https:\/\/ivinidimiriamshop.ch\/fr\/\",\"logo\":{\"@type\":\"ImageObject\",\"inLanguage\":\"fr-FR\",\"@id\":\"https:\/\/ivinidimiriamshop.ch\/fr\/#\/schema\/logo\/image\/\",\"url\":\"https:\/\/ivinidimiriamshop.ch\/wp-content\/uploads\/2024\/12\/Screenshot-2024-12-02-alle-19.31.25-1024x473.png\",\"contentUrl\":\"https:\/\/ivinidimiriamshop.ch\/wp-content\/uploads\/2024\/12\/Screenshot-2024-12-02-alle-19.31.25-1024x473.png\",\"width\":1024,\"height\":473,\"caption\":\"I vini di Miriam Shop\"},\"image\":{\"@id\":\"https:\/\/ivinidimiriamshop.ch\/fr\/#\/schema\/logo\/image\/\"},\"sameAs\":[\"https:\/\/www.facebook.com\/ivinidimiriam\"]}]}<\/script>\n<!-- \/ Yoast SEO plugin. -->","yoast_head_json":{"title":"RISERVA DEL CASSINOTT, DOC TICINO, Merlot di Sessa - 2021 - I vini di Miriam","robots":{"index":"index","follow":"follow","max-snippet":"max-snippet:-1","max-image-preview":"max-image-preview:large","max-video-preview":"max-video-preview:-1"},"canonical":"https:\/\/ivinidimiriamshop.ch\/fr\/prodotto\/riserva-del-cassinott-doc-ticino-merlot-di-sessa-2021\/","og_locale":"fr_FR","og_type":"article","og_title":"RISERVA DEL CASSINOTT, DOC TICINO, Merlot di Sessa - 2021 - I vini di Miriam","og_description":"Merlot 100% Rouge rubis, reflets grenat, limpide. Ar\u00f4mes intenses, complexes, fruits noirs, prunes et m\u00fbres, \u00e9pices douces, notes torr\u00e9fi\u00e9es douces, riche, notes de baies noires, vin de profondeur et d'\u00e9l\u00e9gance, En bouche riche, complexe, il est frais et a des tanins pr\u00e9sents et \u00e9l\u00e9gants, c'est un vin cors\u00e9 et de longue dur\u00e9e. Accord avec des plats importants, des pr\u00e9parations \u00e9labor\u00e9es et riches ou des occasions sp\u00e9ciales, il est apte \u00e0 un long vieillissement.","og_url":"https:\/\/ivinidimiriamshop.ch\/fr\/prodotto\/riserva-del-cassinott-doc-ticino-merlot-di-sessa-2021\/","og_site_name":"I vini di Miriam","article_publisher":"https:\/\/www.facebook.com\/ivinidimiriam","article_modified_time":"2025-05-18T08:39:10+00:00","og_image":[{"width":1200,"height":1200,"url":"https:\/\/ivinidimiriamshop.ch\/wp-content\/uploads\/2024\/11\/Riserva-del-Cassinott-2021.jpg","type":"image\/jpeg"}],"twitter_card":"summary_large_image","schema":{"@context":"https:\/\/schema.org","@graph":[{"@type":"WebPage","@id":"https:\/\/ivinidimiriamshop.ch\/fr\/prodotto\/riserva-del-cassinott-doc-ticino-merlot-di-sessa-2021\/","url":"https:\/\/ivinidimiriamshop.ch\/fr\/prodotto\/riserva-del-cassinott-doc-ticino-merlot-di-sessa-2021\/","name":"RISERVA DEL CASSINOTT, DOC TICINO, Merlot di Sessa - 2021 - I vini di Miriam","isPartOf":{"@id":"https:\/\/ivinidimiriamshop.ch\/fr\/#website"},"primaryImageOfPage":{"@id":"https:\/\/ivinidimiriamshop.ch\/fr\/prodotto\/riserva-del-cassinott-doc-ticino-merlot-di-sessa-2021\/#primaryimage"},"image":{"@id":"https:\/\/ivinidimiriamshop.ch\/fr\/prodotto\/riserva-del-cassinott-doc-ticino-merlot-di-sessa-2021\/#primaryimage"},"thumbnailUrl":"https:\/\/ivinidimiriamshop.ch\/wp-content\/uploads\/2024\/11\/Riserva-del-Cassinott-2021.jpg","datePublished":"2024-11-23T13:25:19+00:00","dateModified":"2025-05-18T08:39:10+00:00","breadcrumb":{"@id":"https:\/\/ivinidimiriamshop.ch\/fr\/prodotto\/riserva-del-cassinott-doc-ticino-merlot-di-sessa-2021\/#breadcrumb"},"inLanguage":"fr-FR","potentialAction":[{"@type":"ReadAction","target":["https:\/\/ivinidimiriamshop.ch\/fr\/prodotto\/riserva-del-cassinott-doc-ticino-merlot-di-sessa-2021\/"]}]},{"@type":"ImageObject","inLanguage":"fr-FR","@id":"https:\/\/ivinidimiriamshop.ch\/fr\/prodotto\/riserva-del-cassinott-doc-ticino-merlot-di-sessa-2021\/#primaryimage","url":"https:\/\/ivinidimiriamshop.ch\/wp-content\/uploads\/2024\/11\/Riserva-del-Cassinott-2021.jpg","contentUrl":"https:\/\/ivinidimiriamshop.ch\/wp-content\/uploads\/2024\/11\/Riserva-del-Cassinott-2021.jpg","width":1200,"height":1200},{"@type":"BreadcrumbList","@id":"https:\/\/ivinidimiriamshop.ch\/fr\/prodotto\/riserva-del-cassinott-doc-ticino-merlot-di-sessa-2021\/#breadcrumb","itemListElement":[{"@type":"ListItem","position":1,"name":"Accueil","item":"https:\/\/ivinidimiriamshop.ch\/fr\/?page_id=30859"},{"@type":"ListItem","position":2,"name":"Shop","item":"https:\/\/ivinidimiriamshop.ch\/fr\/boutique\/"},{"@type":"ListItem","position":3,"name":"RISERVA DEL CASSINOTT, DOC TICINO, Merlot di Sessa &#8211; 2021"}]},{"@type":"WebSite","@id":"https:\/\/ivinidimiriamshop.ch\/fr\/#website","url":"https:\/\/ivinidimiriamshop.ch\/fr\/","name":"I vini di Miriam Shop","description":"","publisher":{"@id":"https:\/\/ivinidimiriamshop.ch\/fr\/#organization"},"potentialAction":[{"@type":"SearchAction","target":{"@type":"EntryPoint","urlTemplate":"https:\/\/ivinidimiriamshop.ch\/fr\/?s={search_term_string}"},"query-input":{"@type":"PropertyValueSpecification","valueRequired":true,"valueName":"search_term_string"}}],"inLanguage":"fr-FR"},{"@type":"Organization","@id":"https:\/\/ivinidimiriamshop.ch\/fr\/#organization","name":"I vini di Miriam Shop","url":"https:\/\/ivinidimiriamshop.ch\/fr\/","logo":{"@type":"ImageObject","inLanguage":"fr-FR","@id":"https:\/\/ivinidimiriamshop.ch\/fr\/#\/schema\/logo\/image\/","url":"https:\/\/ivinidimiriamshop.ch\/wp-content\/uploads\/2024\/12\/Screenshot-2024-12-02-alle-19.31.25-1024x473.png","contentUrl":"https:\/\/ivinidimiriamshop.ch\/wp-content\/uploads\/2024\/12\/Screenshot-2024-12-02-alle-19.31.25-1024x473.png","width":1024,"height":473,"caption":"I vini di Miriam Shop"},"image":{"@id":"https:\/\/ivinidimiriamshop.ch\/fr\/#\/schema\/logo\/image\/"},"sameAs":["https:\/\/www.facebook.com\/ivinidimiriam"]}]}},"_links":{"self":[{"href":"https:\/\/ivinidimiriamshop.ch\/fr\/wp-json\/wp\/v2\/product\/30684","targetHints":{"allow":["GET"]}}],"collection":[{"href":"https:\/\/ivinidimiriamshop.ch\/fr\/wp-json\/wp\/v2\/product"}],"about":[{"href":"https:\/\/ivinidimiriamshop.ch\/fr\/wp-json\/wp\/v2\/types\/product"}],"wp:featuredmedia":[{"embeddable":true,"href":"https:\/\/ivinidimiriamshop.ch\/fr\/wp-json\/wp\/v2\/media\/30636"}],"wp:attachment":[{"href":"https:\/\/ivinidimiriamshop.ch\/fr\/wp-json\/wp\/v2\/media?parent=30684"}],"wp:term":[{"taxonomy":"product_brand","embeddable":true,"href":"https:\/\/ivinidimiriamshop.ch\/fr\/wp-json\/wp\/v2\/product_brand?post=30684"},{"taxonomy":"product_cat","embeddable":true,"href":"https:\/\/ivinidimiriamshop.ch\/fr\/wp-json\/wp\/v2\/product_cat?post=30684"},{"taxonomy":"product_tag","embeddable":true,"href":"https:\/\/ivinidimiriamshop.ch\/fr\/wp-json\/wp\/v2\/product_tag?post=30684"}],"curies":[{"name":"wp","href":"https:\/\/api.w.org\/{rel}","templated":true}]}}