{"id":30689,"date":"2024-11-23T14:26:36","date_gmt":"2024-11-23T13:26:36","guid":{"rendered":"https:\/\/ivinidimiriamshop.ch\/prodotto\/kimia-igt-de-la-suisse-italienne-2023\/"},"modified":"2025-09-15T10:18:04","modified_gmt":"2025-09-15T08:18:04","slug":"kimia-igt-de-la-suisse-italienne-2023","status":"publish","type":"product","link":"https:\/\/ivinidimiriamshop.ch\/fr\/prodotto\/kimia-igt-de-la-suisse-italienne-2023\/","title":{"rendered":"KIMIA, IGT de la Suisse italienne &#8211; 2024"},"content":{"rendered":"","protected":false},"excerpt":{"rendered":"<p>50% Merlot vinifi\u00e9 en blanc et 50% blanc (Villard x Bouvier).<\/p>\n<p>Jaune paille dor\u00e9, brillant, bonne intensit\u00e9, fruit\u00e9, p\u00eache blanche, melon blanc, notes exotiques d&rsquo;ananas, nuances d&rsquo;herbes comme la sauge, noix vertes.<br \/>\nLa bouche est fra\u00eeche et douce, agr\u00e9able persistance et en retour on retrouve les fruits m\u00fbrs \u00e0 chair blanche et la finale apporte une agr\u00e9able note finale amand\u00e9e et sal\u00e9e.<br \/>\nUn blanc pr\u00eat \u00e0 boire, facile pour les ap\u00e9ritifs, les entr\u00e9es comme la tomate et la mozzarella, les omelettes d&rsquo;\u00e9t\u00e9 aux herbes du jardin, les fromages de pays, les cr\u00e8mes de l\u00e9gumes.<\/p>\n","protected":false},"featured_media":30638,"template":"","meta":{"site-sidebar-layout":"default","site-content-layout":"","ast-site-content-layout":"default","site-content-style":"default","site-sidebar-style":"default","ast-global-header-display":"","ast-banner-title-visibility":"","ast-main-header-display":"","ast-hfb-above-header-display":"","ast-hfb-below-header-display":"","ast-hfb-mobile-header-display":"","site-post-title":"","ast-breadcrumbs-content":"","ast-featured-img":"","footer-sml-layout":"","ast-disable-related-posts":"","theme-transparent-header-meta":"default","adv-header-id-meta":"","stick-header-meta":"","header-above-stick-meta":"","header-main-stick-meta":"","header-below-stick-meta":"","astra-migrate-meta-layouts":"default","ast-page-background-enabled":"default","ast-page-background-meta":{"desktop":{"background-color":"var(--ast-global-color-4)","background-image":"","background-repeat":"repeat","background-position":"center center","background-size":"auto","background-attachment":"scroll","background-type":"","background-media":"","overlay-type":"","overlay-color":"","overlay-opacity":"","overlay-gradient":""},"tablet":{"background-color":"","background-image":"","background-repeat":"repeat","background-position":"center center","background-size":"auto","background-attachment":"scroll","background-type":"","background-media":"","overlay-type":"","overlay-color":"","overlay-opacity":"","overlay-gradient":""},"mobile":{"background-color":"","background-image":"","background-repeat":"repeat","background-position":"center center","background-size":"auto","background-attachment":"scroll","background-type":"","background-media":"","overlay-type":"","overlay-color":"","overlay-opacity":"","overlay-gradient":""}},"ast-content-background-meta":{"desktop":{"background-color":"var(--ast-global-color-5)","background-image":"","background-repeat":"repeat","background-position":"center center","background-size":"auto","background-attachment":"scroll","background-type":"","background-media":"","overlay-type":"","overlay-color":"","overlay-opacity":"","overlay-gradient":""},"tablet":{"background-color":"var(--ast-global-color-5)","background-image":"","background-repeat":"repeat","background-position":"center center","background-size":"auto","background-attachment":"scroll","background-type":"","background-media":"","overlay-type":"","overlay-color":"","overlay-opacity":"","overlay-gradient":""},"mobile":{"background-color":"var(--ast-global-color-5)","background-image":"","background-repeat":"repeat","background-position":"center center","background-size":"auto","background-attachment":"scroll","background-type":"","background-media":"","overlay-type":"","overlay-color":"","overlay-opacity":"","overlay-gradient":""}}},"product_brand":[],"product_cat":[72],"product_tag":[],"class_list":{"0":"post-30689","1":"product","2":"type-product","3":"status-publish","4":"has-post-thumbnail","6":"product_cat-bianchi-fr","7":"desktop-align-left","8":"tablet-align-left","9":"mobile-align-left","11":"first","12":"instock","13":"taxable","14":"shipping-taxable","15":"purchasable","16":"product-type-simple"},"yoast_head":"<!-- This site is optimized with the Yoast SEO plugin v26.9 - https:\/\/yoast.com\/product\/yoast-seo-wordpress\/ -->\n<title>KIMIA, IGT de la Suisse italienne - 2024 - I vini di Miriam<\/title>\n<meta name=\"robots\" content=\"index, follow, max-snippet:-1, max-image-preview:large, max-video-preview:-1\" \/>\n<link rel=\"canonical\" href=\"https:\/\/ivinidimiriamshop.ch\/fr\/prodotto\/kimia-igt-de-la-suisse-italienne-2023\/\" \/>\n<meta property=\"og:locale\" content=\"fr_FR\" \/>\n<meta property=\"og:type\" content=\"article\" \/>\n<meta property=\"og:title\" content=\"KIMIA, IGT de la Suisse italienne - 2024 - I vini di Miriam\" \/>\n<meta property=\"og:description\" content=\"50% Merlot vinifi\u00e9 en blanc et 50% blanc (Villard x Bouvier). Jaune paille dor\u00e9, brillant, bonne intensit\u00e9, fruit\u00e9, p\u00eache blanche, melon blanc, notes exotiques d&#039;ananas, nuances d&#039;herbes comme la sauge, noix vertes. La bouche est fra\u00eeche et douce, agr\u00e9able persistance et en retour on retrouve les fruits m\u00fbrs \u00e0 chair blanche et la finale apporte une agr\u00e9able note finale amand\u00e9e et sal\u00e9e. Un blanc pr\u00eat \u00e0 boire, facile pour les ap\u00e9ritifs, les entr\u00e9es comme la tomate et la mozzarella, les omelettes d&#039;\u00e9t\u00e9 aux herbes du jardin, les fromages de pays, les cr\u00e8mes de l\u00e9gumes.\" \/>\n<meta property=\"og:url\" content=\"https:\/\/ivinidimiriamshop.ch\/fr\/prodotto\/kimia-igt-de-la-suisse-italienne-2023\/\" \/>\n<meta property=\"og:site_name\" content=\"I vini di Miriam\" \/>\n<meta property=\"article:publisher\" content=\"https:\/\/www.facebook.com\/ivinidimiriam\" \/>\n<meta property=\"article:modified_time\" content=\"2025-09-15T08:18:04+00:00\" \/>\n<meta property=\"og:image\" content=\"https:\/\/ivinidimiriamshop.ch\/wp-content\/uploads\/2024\/11\/Kimia-2023.jpg\" \/>\n\t<meta property=\"og:image:width\" content=\"1200\" \/>\n\t<meta property=\"og:image:height\" content=\"1200\" \/>\n\t<meta property=\"og:image:type\" content=\"image\/jpeg\" \/>\n<meta name=\"twitter:card\" content=\"summary_large_image\" \/>\n<script type=\"application\/ld+json\" class=\"yoast-schema-graph\">{\"@context\":\"https:\/\/schema.org\",\"@graph\":[{\"@type\":\"WebPage\",\"@id\":\"https:\/\/ivinidimiriamshop.ch\/fr\/prodotto\/kimia-igt-de-la-suisse-italienne-2023\/\",\"url\":\"https:\/\/ivinidimiriamshop.ch\/fr\/prodotto\/kimia-igt-de-la-suisse-italienne-2023\/\",\"name\":\"KIMIA, IGT de la Suisse italienne - 2024 - I vini di Miriam\",\"isPartOf\":{\"@id\":\"https:\/\/ivinidimiriamshop.ch\/fr\/#website\"},\"primaryImageOfPage\":{\"@id\":\"https:\/\/ivinidimiriamshop.ch\/fr\/prodotto\/kimia-igt-de-la-suisse-italienne-2023\/#primaryimage\"},\"image\":{\"@id\":\"https:\/\/ivinidimiriamshop.ch\/fr\/prodotto\/kimia-igt-de-la-suisse-italienne-2023\/#primaryimage\"},\"thumbnailUrl\":\"https:\/\/ivinidimiriamshop.ch\/wp-content\/uploads\/2024\/11\/Kimia-2023.jpg\",\"datePublished\":\"2024-11-23T13:26:36+00:00\",\"dateModified\":\"2025-09-15T08:18:04+00:00\",\"breadcrumb\":{\"@id\":\"https:\/\/ivinidimiriamshop.ch\/fr\/prodotto\/kimia-igt-de-la-suisse-italienne-2023\/#breadcrumb\"},\"inLanguage\":\"fr-FR\",\"potentialAction\":[{\"@type\":\"ReadAction\",\"target\":[\"https:\/\/ivinidimiriamshop.ch\/fr\/prodotto\/kimia-igt-de-la-suisse-italienne-2023\/\"]}]},{\"@type\":\"ImageObject\",\"inLanguage\":\"fr-FR\",\"@id\":\"https:\/\/ivinidimiriamshop.ch\/fr\/prodotto\/kimia-igt-de-la-suisse-italienne-2023\/#primaryimage\",\"url\":\"https:\/\/ivinidimiriamshop.ch\/wp-content\/uploads\/2024\/11\/Kimia-2023.jpg\",\"contentUrl\":\"https:\/\/ivinidimiriamshop.ch\/wp-content\/uploads\/2024\/11\/Kimia-2023.jpg\",\"width\":1200,\"height\":1200},{\"@type\":\"BreadcrumbList\",\"@id\":\"https:\/\/ivinidimiriamshop.ch\/fr\/prodotto\/kimia-igt-de-la-suisse-italienne-2023\/#breadcrumb\",\"itemListElement\":[{\"@type\":\"ListItem\",\"position\":1,\"name\":\"Accueil\",\"item\":\"https:\/\/ivinidimiriamshop.ch\/fr\/?page_id=30859\"},{\"@type\":\"ListItem\",\"position\":2,\"name\":\"Shop\",\"item\":\"https:\/\/ivinidimiriamshop.ch\/fr\/boutique\/\"},{\"@type\":\"ListItem\",\"position\":3,\"name\":\"KIMIA, IGT de la Suisse italienne &#8211; 2024\"}]},{\"@type\":\"WebSite\",\"@id\":\"https:\/\/ivinidimiriamshop.ch\/fr\/#website\",\"url\":\"https:\/\/ivinidimiriamshop.ch\/fr\/\",\"name\":\"I vini di Miriam Shop\",\"description\":\"\",\"publisher\":{\"@id\":\"https:\/\/ivinidimiriamshop.ch\/fr\/#organization\"},\"potentialAction\":[{\"@type\":\"SearchAction\",\"target\":{\"@type\":\"EntryPoint\",\"urlTemplate\":\"https:\/\/ivinidimiriamshop.ch\/fr\/?s={search_term_string}\"},\"query-input\":{\"@type\":\"PropertyValueSpecification\",\"valueRequired\":true,\"valueName\":\"search_term_string\"}}],\"inLanguage\":\"fr-FR\"},{\"@type\":\"Organization\",\"@id\":\"https:\/\/ivinidimiriamshop.ch\/fr\/#organization\",\"name\":\"I vini di Miriam Shop\",\"url\":\"https:\/\/ivinidimiriamshop.ch\/fr\/\",\"logo\":{\"@type\":\"ImageObject\",\"inLanguage\":\"fr-FR\",\"@id\":\"https:\/\/ivinidimiriamshop.ch\/fr\/#\/schema\/logo\/image\/\",\"url\":\"https:\/\/ivinidimiriamshop.ch\/wp-content\/uploads\/2024\/12\/Screenshot-2024-12-02-alle-19.31.25-1024x473.png\",\"contentUrl\":\"https:\/\/ivinidimiriamshop.ch\/wp-content\/uploads\/2024\/12\/Screenshot-2024-12-02-alle-19.31.25-1024x473.png\",\"width\":1024,\"height\":473,\"caption\":\"I vini di Miriam Shop\"},\"image\":{\"@id\":\"https:\/\/ivinidimiriamshop.ch\/fr\/#\/schema\/logo\/image\/\"},\"sameAs\":[\"https:\/\/www.facebook.com\/ivinidimiriam\"]}]}<\/script>\n<!-- \/ Yoast SEO plugin. -->","yoast_head_json":{"title":"KIMIA, IGT de la Suisse italienne - 2024 - I vini di Miriam","robots":{"index":"index","follow":"follow","max-snippet":"max-snippet:-1","max-image-preview":"max-image-preview:large","max-video-preview":"max-video-preview:-1"},"canonical":"https:\/\/ivinidimiriamshop.ch\/fr\/prodotto\/kimia-igt-de-la-suisse-italienne-2023\/","og_locale":"fr_FR","og_type":"article","og_title":"KIMIA, IGT de la Suisse italienne - 2024 - I vini di Miriam","og_description":"50% Merlot vinifi\u00e9 en blanc et 50% blanc (Villard x Bouvier). Jaune paille dor\u00e9, brillant, bonne intensit\u00e9, fruit\u00e9, p\u00eache blanche, melon blanc, notes exotiques d'ananas, nuances d'herbes comme la sauge, noix vertes. La bouche est fra\u00eeche et douce, agr\u00e9able persistance et en retour on retrouve les fruits m\u00fbrs \u00e0 chair blanche et la finale apporte une agr\u00e9able note finale amand\u00e9e et sal\u00e9e. Un blanc pr\u00eat \u00e0 boire, facile pour les ap\u00e9ritifs, les entr\u00e9es comme la tomate et la mozzarella, les omelettes d'\u00e9t\u00e9 aux herbes du jardin, les fromages de pays, les cr\u00e8mes de l\u00e9gumes.","og_url":"https:\/\/ivinidimiriamshop.ch\/fr\/prodotto\/kimia-igt-de-la-suisse-italienne-2023\/","og_site_name":"I vini di Miriam","article_publisher":"https:\/\/www.facebook.com\/ivinidimiriam","article_modified_time":"2025-09-15T08:18:04+00:00","og_image":[{"width":1200,"height":1200,"url":"https:\/\/ivinidimiriamshop.ch\/wp-content\/uploads\/2024\/11\/Kimia-2023.jpg","type":"image\/jpeg"}],"twitter_card":"summary_large_image","schema":{"@context":"https:\/\/schema.org","@graph":[{"@type":"WebPage","@id":"https:\/\/ivinidimiriamshop.ch\/fr\/prodotto\/kimia-igt-de-la-suisse-italienne-2023\/","url":"https:\/\/ivinidimiriamshop.ch\/fr\/prodotto\/kimia-igt-de-la-suisse-italienne-2023\/","name":"KIMIA, IGT de la Suisse italienne - 2024 - I vini di Miriam","isPartOf":{"@id":"https:\/\/ivinidimiriamshop.ch\/fr\/#website"},"primaryImageOfPage":{"@id":"https:\/\/ivinidimiriamshop.ch\/fr\/prodotto\/kimia-igt-de-la-suisse-italienne-2023\/#primaryimage"},"image":{"@id":"https:\/\/ivinidimiriamshop.ch\/fr\/prodotto\/kimia-igt-de-la-suisse-italienne-2023\/#primaryimage"},"thumbnailUrl":"https:\/\/ivinidimiriamshop.ch\/wp-content\/uploads\/2024\/11\/Kimia-2023.jpg","datePublished":"2024-11-23T13:26:36+00:00","dateModified":"2025-09-15T08:18:04+00:00","breadcrumb":{"@id":"https:\/\/ivinidimiriamshop.ch\/fr\/prodotto\/kimia-igt-de-la-suisse-italienne-2023\/#breadcrumb"},"inLanguage":"fr-FR","potentialAction":[{"@type":"ReadAction","target":["https:\/\/ivinidimiriamshop.ch\/fr\/prodotto\/kimia-igt-de-la-suisse-italienne-2023\/"]}]},{"@type":"ImageObject","inLanguage":"fr-FR","@id":"https:\/\/ivinidimiriamshop.ch\/fr\/prodotto\/kimia-igt-de-la-suisse-italienne-2023\/#primaryimage","url":"https:\/\/ivinidimiriamshop.ch\/wp-content\/uploads\/2024\/11\/Kimia-2023.jpg","contentUrl":"https:\/\/ivinidimiriamshop.ch\/wp-content\/uploads\/2024\/11\/Kimia-2023.jpg","width":1200,"height":1200},{"@type":"BreadcrumbList","@id":"https:\/\/ivinidimiriamshop.ch\/fr\/prodotto\/kimia-igt-de-la-suisse-italienne-2023\/#breadcrumb","itemListElement":[{"@type":"ListItem","position":1,"name":"Accueil","item":"https:\/\/ivinidimiriamshop.ch\/fr\/?page_id=30859"},{"@type":"ListItem","position":2,"name":"Shop","item":"https:\/\/ivinidimiriamshop.ch\/fr\/boutique\/"},{"@type":"ListItem","position":3,"name":"KIMIA, IGT de la Suisse italienne &#8211; 2024"}]},{"@type":"WebSite","@id":"https:\/\/ivinidimiriamshop.ch\/fr\/#website","url":"https:\/\/ivinidimiriamshop.ch\/fr\/","name":"I vini di Miriam Shop","description":"","publisher":{"@id":"https:\/\/ivinidimiriamshop.ch\/fr\/#organization"},"potentialAction":[{"@type":"SearchAction","target":{"@type":"EntryPoint","urlTemplate":"https:\/\/ivinidimiriamshop.ch\/fr\/?s={search_term_string}"},"query-input":{"@type":"PropertyValueSpecification","valueRequired":true,"valueName":"search_term_string"}}],"inLanguage":"fr-FR"},{"@type":"Organization","@id":"https:\/\/ivinidimiriamshop.ch\/fr\/#organization","name":"I vini di Miriam Shop","url":"https:\/\/ivinidimiriamshop.ch\/fr\/","logo":{"@type":"ImageObject","inLanguage":"fr-FR","@id":"https:\/\/ivinidimiriamshop.ch\/fr\/#\/schema\/logo\/image\/","url":"https:\/\/ivinidimiriamshop.ch\/wp-content\/uploads\/2024\/12\/Screenshot-2024-12-02-alle-19.31.25-1024x473.png","contentUrl":"https:\/\/ivinidimiriamshop.ch\/wp-content\/uploads\/2024\/12\/Screenshot-2024-12-02-alle-19.31.25-1024x473.png","width":1024,"height":473,"caption":"I vini di Miriam Shop"},"image":{"@id":"https:\/\/ivinidimiriamshop.ch\/fr\/#\/schema\/logo\/image\/"},"sameAs":["https:\/\/www.facebook.com\/ivinidimiriam"]}]}},"_links":{"self":[{"href":"https:\/\/ivinidimiriamshop.ch\/fr\/wp-json\/wp\/v2\/product\/30689","targetHints":{"allow":["GET"]}}],"collection":[{"href":"https:\/\/ivinidimiriamshop.ch\/fr\/wp-json\/wp\/v2\/product"}],"about":[{"href":"https:\/\/ivinidimiriamshop.ch\/fr\/wp-json\/wp\/v2\/types\/product"}],"wp:featuredmedia":[{"embeddable":true,"href":"https:\/\/ivinidimiriamshop.ch\/fr\/wp-json\/wp\/v2\/media\/30638"}],"wp:attachment":[{"href":"https:\/\/ivinidimiriamshop.ch\/fr\/wp-json\/wp\/v2\/media?parent=30689"}],"wp:term":[{"taxonomy":"product_brand","embeddable":true,"href":"https:\/\/ivinidimiriamshop.ch\/fr\/wp-json\/wp\/v2\/product_brand?post=30689"},{"taxonomy":"product_cat","embeddable":true,"href":"https:\/\/ivinidimiriamshop.ch\/fr\/wp-json\/wp\/v2\/product_cat?post=30689"},{"taxonomy":"product_tag","embeddable":true,"href":"https:\/\/ivinidimiriamshop.ch\/fr\/wp-json\/wp\/v2\/product_tag?post=30689"}],"curies":[{"name":"wp","href":"https:\/\/api.w.org\/{rel}","templated":true}]}}