{"id":30694,"date":"2024-11-23T13:47:05","date_gmt":"2024-11-23T12:47:05","guid":{"rendered":"https:\/\/ivinidimiriamshop.ch\/prodotto\/gaudio-doc-ticino-merlot-del-malcantone-2020\/"},"modified":"2025-09-15T10:18:03","modified_gmt":"2025-09-15T08:18:03","slug":"gaudio-doc-ticino-merlot-del-malcantone-2020","status":"publish","type":"product","link":"https:\/\/ivinidimiriamshop.ch\/fr\/prodotto\/gaudio-doc-ticino-merlot-del-malcantone-2020\/","title":{"rendered":"GAUDIO, DOC TICINO, Merlot del Malcantone &#8211; 2021"},"content":{"rendered":"","protected":false},"excerpt":{"rendered":"<p>100% Merlot<\/p>\n<p>Rouge rubis, limpide, les ar\u00f4mes sont int\u00e9ressants, fruits noirs, cerises noires, groseilles, la note florale est douce et fugace, un bel impact olfactif, balsamique de romarin et de thym, en bouche c&rsquo;est lin\u00e9aire, frais avec des tanins \u00e0 grain fin, subtil, moyennement cors\u00e9, avec un caract\u00e8re sinc\u00e8re pour son type, savoureux et avec une bonne persistance aromatique. La combinaison est appr\u00e9ci\u00e9e avec des soupes de l\u00e9gumineuses savoureuses, de la polenta nostrana avec des sauces.<\/p>\n","protected":false},"featured_media":30650,"template":"","meta":{"site-sidebar-layout":"default","site-content-layout":"","ast-site-content-layout":"default","site-content-style":"default","site-sidebar-style":"default","ast-global-header-display":"","ast-banner-title-visibility":"","ast-main-header-display":"","ast-hfb-above-header-display":"","ast-hfb-below-header-display":"","ast-hfb-mobile-header-display":"","site-post-title":"","ast-breadcrumbs-content":"","ast-featured-img":"","footer-sml-layout":"","ast-disable-related-posts":"","theme-transparent-header-meta":"default","adv-header-id-meta":"","stick-header-meta":"","header-above-stick-meta":"","header-main-stick-meta":"","header-below-stick-meta":"","astra-migrate-meta-layouts":"default","ast-page-background-enabled":"default","ast-page-background-meta":{"desktop":{"background-color":"var(--ast-global-color-4)","background-image":"","background-repeat":"repeat","background-position":"center center","background-size":"auto","background-attachment":"scroll","background-type":"","background-media":"","overlay-type":"","overlay-color":"","overlay-opacity":"","overlay-gradient":""},"tablet":{"background-color":"","background-image":"","background-repeat":"repeat","background-position":"center center","background-size":"auto","background-attachment":"scroll","background-type":"","background-media":"","overlay-type":"","overlay-color":"","overlay-opacity":"","overlay-gradient":""},"mobile":{"background-color":"","background-image":"","background-repeat":"repeat","background-position":"center center","background-size":"auto","background-attachment":"scroll","background-type":"","background-media":"","overlay-type":"","overlay-color":"","overlay-opacity":"","overlay-gradient":""}},"ast-content-background-meta":{"desktop":{"background-color":"var(--ast-global-color-5)","background-image":"","background-repeat":"repeat","background-position":"center center","background-size":"auto","background-attachment":"scroll","background-type":"","background-media":"","overlay-type":"","overlay-color":"","overlay-opacity":"","overlay-gradient":""},"tablet":{"background-color":"var(--ast-global-color-5)","background-image":"","background-repeat":"repeat","background-position":"center center","background-size":"auto","background-attachment":"scroll","background-type":"","background-media":"","overlay-type":"","overlay-color":"","overlay-opacity":"","overlay-gradient":""},"mobile":{"background-color":"var(--ast-global-color-5)","background-image":"","background-repeat":"repeat","background-position":"center center","background-size":"auto","background-attachment":"scroll","background-type":"","background-media":"","overlay-type":"","overlay-color":"","overlay-opacity":"","overlay-gradient":""}}},"product_brand":[],"product_cat":[68,67],"product_tag":[],"class_list":{"0":"post-30694","1":"product","2":"type-product","3":"status-publish","4":"has-post-thumbnail","6":"product_cat-2021-fr","7":"product_cat-rossi-fr","8":"desktop-align-left","9":"tablet-align-left","10":"mobile-align-left","12":"first","13":"instock","14":"taxable","15":"shipping-taxable","16":"purchasable","17":"product-type-simple"},"yoast_head":"<!-- This site is optimized with the Yoast SEO plugin v26.9 - https:\/\/yoast.com\/product\/yoast-seo-wordpress\/ -->\n<title>GAUDIO, DOC TICINO, Merlot del Malcantone - 2021 - I vini di Miriam<\/title>\n<meta name=\"robots\" content=\"index, follow, max-snippet:-1, max-image-preview:large, max-video-preview:-1\" \/>\n<link rel=\"canonical\" href=\"https:\/\/ivinidimiriamshop.ch\/fr\/prodotto\/gaudio-doc-ticino-merlot-del-malcantone-2020\/\" \/>\n<meta property=\"og:locale\" content=\"fr_FR\" \/>\n<meta property=\"og:type\" content=\"article\" \/>\n<meta property=\"og:title\" content=\"GAUDIO, DOC TICINO, Merlot del Malcantone - 2021 - I vini di Miriam\" \/>\n<meta property=\"og:description\" content=\"100% Merlot Rouge rubis, limpide, les ar\u00f4mes sont int\u00e9ressants, fruits noirs, cerises noires, groseilles, la note florale est douce et fugace, un bel impact olfactif, balsamique de romarin et de thym, en bouche c&#039;est lin\u00e9aire, frais avec des tanins \u00e0 grain fin, subtil, moyennement cors\u00e9, avec un caract\u00e8re sinc\u00e8re pour son type, savoureux et avec une bonne persistance aromatique. La combinaison est appr\u00e9ci\u00e9e avec des soupes de l\u00e9gumineuses savoureuses, de la polenta nostrana avec des sauces.\" \/>\n<meta property=\"og:url\" content=\"https:\/\/ivinidimiriamshop.ch\/fr\/prodotto\/gaudio-doc-ticino-merlot-del-malcantone-2020\/\" \/>\n<meta property=\"og:site_name\" content=\"I vini di Miriam\" \/>\n<meta property=\"article:publisher\" content=\"https:\/\/www.facebook.com\/ivinidimiriam\" \/>\n<meta property=\"article:modified_time\" content=\"2025-09-15T08:18:03+00:00\" \/>\n<meta property=\"og:image\" content=\"https:\/\/ivinidimiriamshop.ch\/wp-content\/uploads\/2024\/11\/Gaudio-2020.jpg\" \/>\n\t<meta property=\"og:image:width\" content=\"1200\" \/>\n\t<meta property=\"og:image:height\" content=\"1200\" \/>\n\t<meta property=\"og:image:type\" content=\"image\/jpeg\" \/>\n<meta name=\"twitter:card\" content=\"summary_large_image\" \/>\n<script type=\"application\/ld+json\" class=\"yoast-schema-graph\">{\"@context\":\"https:\/\/schema.org\",\"@graph\":[{\"@type\":\"WebPage\",\"@id\":\"https:\/\/ivinidimiriamshop.ch\/fr\/prodotto\/gaudio-doc-ticino-merlot-del-malcantone-2020\/\",\"url\":\"https:\/\/ivinidimiriamshop.ch\/fr\/prodotto\/gaudio-doc-ticino-merlot-del-malcantone-2020\/\",\"name\":\"GAUDIO, DOC TICINO, Merlot del Malcantone - 2021 - I vini di Miriam\",\"isPartOf\":{\"@id\":\"https:\/\/ivinidimiriamshop.ch\/fr\/#website\"},\"primaryImageOfPage\":{\"@id\":\"https:\/\/ivinidimiriamshop.ch\/fr\/prodotto\/gaudio-doc-ticino-merlot-del-malcantone-2020\/#primaryimage\"},\"image\":{\"@id\":\"https:\/\/ivinidimiriamshop.ch\/fr\/prodotto\/gaudio-doc-ticino-merlot-del-malcantone-2020\/#primaryimage\"},\"thumbnailUrl\":\"https:\/\/ivinidimiriamshop.ch\/wp-content\/uploads\/2024\/11\/Gaudio-2020.jpg\",\"datePublished\":\"2024-11-23T12:47:05+00:00\",\"dateModified\":\"2025-09-15T08:18:03+00:00\",\"breadcrumb\":{\"@id\":\"https:\/\/ivinidimiriamshop.ch\/fr\/prodotto\/gaudio-doc-ticino-merlot-del-malcantone-2020\/#breadcrumb\"},\"inLanguage\":\"fr-FR\",\"potentialAction\":[{\"@type\":\"ReadAction\",\"target\":[\"https:\/\/ivinidimiriamshop.ch\/fr\/prodotto\/gaudio-doc-ticino-merlot-del-malcantone-2020\/\"]}]},{\"@type\":\"ImageObject\",\"inLanguage\":\"fr-FR\",\"@id\":\"https:\/\/ivinidimiriamshop.ch\/fr\/prodotto\/gaudio-doc-ticino-merlot-del-malcantone-2020\/#primaryimage\",\"url\":\"https:\/\/ivinidimiriamshop.ch\/wp-content\/uploads\/2024\/11\/Gaudio-2020.jpg\",\"contentUrl\":\"https:\/\/ivinidimiriamshop.ch\/wp-content\/uploads\/2024\/11\/Gaudio-2020.jpg\",\"width\":1200,\"height\":1200},{\"@type\":\"BreadcrumbList\",\"@id\":\"https:\/\/ivinidimiriamshop.ch\/fr\/prodotto\/gaudio-doc-ticino-merlot-del-malcantone-2020\/#breadcrumb\",\"itemListElement\":[{\"@type\":\"ListItem\",\"position\":1,\"name\":\"Accueil\",\"item\":\"https:\/\/ivinidimiriamshop.ch\/fr\/?page_id=30859\"},{\"@type\":\"ListItem\",\"position\":2,\"name\":\"Shop\",\"item\":\"https:\/\/ivinidimiriamshop.ch\/fr\/boutique\/\"},{\"@type\":\"ListItem\",\"position\":3,\"name\":\"GAUDIO, DOC TICINO, Merlot del Malcantone &#8211; 2021\"}]},{\"@type\":\"WebSite\",\"@id\":\"https:\/\/ivinidimiriamshop.ch\/fr\/#website\",\"url\":\"https:\/\/ivinidimiriamshop.ch\/fr\/\",\"name\":\"I vini di Miriam Shop\",\"description\":\"\",\"publisher\":{\"@id\":\"https:\/\/ivinidimiriamshop.ch\/fr\/#organization\"},\"potentialAction\":[{\"@type\":\"SearchAction\",\"target\":{\"@type\":\"EntryPoint\",\"urlTemplate\":\"https:\/\/ivinidimiriamshop.ch\/fr\/?s={search_term_string}\"},\"query-input\":{\"@type\":\"PropertyValueSpecification\",\"valueRequired\":true,\"valueName\":\"search_term_string\"}}],\"inLanguage\":\"fr-FR\"},{\"@type\":\"Organization\",\"@id\":\"https:\/\/ivinidimiriamshop.ch\/fr\/#organization\",\"name\":\"I vini di Miriam Shop\",\"url\":\"https:\/\/ivinidimiriamshop.ch\/fr\/\",\"logo\":{\"@type\":\"ImageObject\",\"inLanguage\":\"fr-FR\",\"@id\":\"https:\/\/ivinidimiriamshop.ch\/fr\/#\/schema\/logo\/image\/\",\"url\":\"https:\/\/ivinidimiriamshop.ch\/wp-content\/uploads\/2024\/12\/Screenshot-2024-12-02-alle-19.31.25-1024x473.png\",\"contentUrl\":\"https:\/\/ivinidimiriamshop.ch\/wp-content\/uploads\/2024\/12\/Screenshot-2024-12-02-alle-19.31.25-1024x473.png\",\"width\":1024,\"height\":473,\"caption\":\"I vini di Miriam Shop\"},\"image\":{\"@id\":\"https:\/\/ivinidimiriamshop.ch\/fr\/#\/schema\/logo\/image\/\"},\"sameAs\":[\"https:\/\/www.facebook.com\/ivinidimiriam\"]}]}<\/script>\n<!-- \/ Yoast SEO plugin. -->","yoast_head_json":{"title":"GAUDIO, DOC TICINO, Merlot del Malcantone - 2021 - I vini di Miriam","robots":{"index":"index","follow":"follow","max-snippet":"max-snippet:-1","max-image-preview":"max-image-preview:large","max-video-preview":"max-video-preview:-1"},"canonical":"https:\/\/ivinidimiriamshop.ch\/fr\/prodotto\/gaudio-doc-ticino-merlot-del-malcantone-2020\/","og_locale":"fr_FR","og_type":"article","og_title":"GAUDIO, DOC TICINO, Merlot del Malcantone - 2021 - I vini di Miriam","og_description":"100% Merlot Rouge rubis, limpide, les ar\u00f4mes sont int\u00e9ressants, fruits noirs, cerises noires, groseilles, la note florale est douce et fugace, un bel impact olfactif, balsamique de romarin et de thym, en bouche c'est lin\u00e9aire, frais avec des tanins \u00e0 grain fin, subtil, moyennement cors\u00e9, avec un caract\u00e8re sinc\u00e8re pour son type, savoureux et avec une bonne persistance aromatique. La combinaison est appr\u00e9ci\u00e9e avec des soupes de l\u00e9gumineuses savoureuses, de la polenta nostrana avec des sauces.","og_url":"https:\/\/ivinidimiriamshop.ch\/fr\/prodotto\/gaudio-doc-ticino-merlot-del-malcantone-2020\/","og_site_name":"I vini di Miriam","article_publisher":"https:\/\/www.facebook.com\/ivinidimiriam","article_modified_time":"2025-09-15T08:18:03+00:00","og_image":[{"width":1200,"height":1200,"url":"https:\/\/ivinidimiriamshop.ch\/wp-content\/uploads\/2024\/11\/Gaudio-2020.jpg","type":"image\/jpeg"}],"twitter_card":"summary_large_image","schema":{"@context":"https:\/\/schema.org","@graph":[{"@type":"WebPage","@id":"https:\/\/ivinidimiriamshop.ch\/fr\/prodotto\/gaudio-doc-ticino-merlot-del-malcantone-2020\/","url":"https:\/\/ivinidimiriamshop.ch\/fr\/prodotto\/gaudio-doc-ticino-merlot-del-malcantone-2020\/","name":"GAUDIO, DOC TICINO, Merlot del Malcantone - 2021 - I vini di Miriam","isPartOf":{"@id":"https:\/\/ivinidimiriamshop.ch\/fr\/#website"},"primaryImageOfPage":{"@id":"https:\/\/ivinidimiriamshop.ch\/fr\/prodotto\/gaudio-doc-ticino-merlot-del-malcantone-2020\/#primaryimage"},"image":{"@id":"https:\/\/ivinidimiriamshop.ch\/fr\/prodotto\/gaudio-doc-ticino-merlot-del-malcantone-2020\/#primaryimage"},"thumbnailUrl":"https:\/\/ivinidimiriamshop.ch\/wp-content\/uploads\/2024\/11\/Gaudio-2020.jpg","datePublished":"2024-11-23T12:47:05+00:00","dateModified":"2025-09-15T08:18:03+00:00","breadcrumb":{"@id":"https:\/\/ivinidimiriamshop.ch\/fr\/prodotto\/gaudio-doc-ticino-merlot-del-malcantone-2020\/#breadcrumb"},"inLanguage":"fr-FR","potentialAction":[{"@type":"ReadAction","target":["https:\/\/ivinidimiriamshop.ch\/fr\/prodotto\/gaudio-doc-ticino-merlot-del-malcantone-2020\/"]}]},{"@type":"ImageObject","inLanguage":"fr-FR","@id":"https:\/\/ivinidimiriamshop.ch\/fr\/prodotto\/gaudio-doc-ticino-merlot-del-malcantone-2020\/#primaryimage","url":"https:\/\/ivinidimiriamshop.ch\/wp-content\/uploads\/2024\/11\/Gaudio-2020.jpg","contentUrl":"https:\/\/ivinidimiriamshop.ch\/wp-content\/uploads\/2024\/11\/Gaudio-2020.jpg","width":1200,"height":1200},{"@type":"BreadcrumbList","@id":"https:\/\/ivinidimiriamshop.ch\/fr\/prodotto\/gaudio-doc-ticino-merlot-del-malcantone-2020\/#breadcrumb","itemListElement":[{"@type":"ListItem","position":1,"name":"Accueil","item":"https:\/\/ivinidimiriamshop.ch\/fr\/?page_id=30859"},{"@type":"ListItem","position":2,"name":"Shop","item":"https:\/\/ivinidimiriamshop.ch\/fr\/boutique\/"},{"@type":"ListItem","position":3,"name":"GAUDIO, DOC TICINO, Merlot del Malcantone &#8211; 2021"}]},{"@type":"WebSite","@id":"https:\/\/ivinidimiriamshop.ch\/fr\/#website","url":"https:\/\/ivinidimiriamshop.ch\/fr\/","name":"I vini di Miriam Shop","description":"","publisher":{"@id":"https:\/\/ivinidimiriamshop.ch\/fr\/#organization"},"potentialAction":[{"@type":"SearchAction","target":{"@type":"EntryPoint","urlTemplate":"https:\/\/ivinidimiriamshop.ch\/fr\/?s={search_term_string}"},"query-input":{"@type":"PropertyValueSpecification","valueRequired":true,"valueName":"search_term_string"}}],"inLanguage":"fr-FR"},{"@type":"Organization","@id":"https:\/\/ivinidimiriamshop.ch\/fr\/#organization","name":"I vini di Miriam Shop","url":"https:\/\/ivinidimiriamshop.ch\/fr\/","logo":{"@type":"ImageObject","inLanguage":"fr-FR","@id":"https:\/\/ivinidimiriamshop.ch\/fr\/#\/schema\/logo\/image\/","url":"https:\/\/ivinidimiriamshop.ch\/wp-content\/uploads\/2024\/12\/Screenshot-2024-12-02-alle-19.31.25-1024x473.png","contentUrl":"https:\/\/ivinidimiriamshop.ch\/wp-content\/uploads\/2024\/12\/Screenshot-2024-12-02-alle-19.31.25-1024x473.png","width":1024,"height":473,"caption":"I vini di Miriam Shop"},"image":{"@id":"https:\/\/ivinidimiriamshop.ch\/fr\/#\/schema\/logo\/image\/"},"sameAs":["https:\/\/www.facebook.com\/ivinidimiriam"]}]}},"_links":{"self":[{"href":"https:\/\/ivinidimiriamshop.ch\/fr\/wp-json\/wp\/v2\/product\/30694","targetHints":{"allow":["GET"]}}],"collection":[{"href":"https:\/\/ivinidimiriamshop.ch\/fr\/wp-json\/wp\/v2\/product"}],"about":[{"href":"https:\/\/ivinidimiriamshop.ch\/fr\/wp-json\/wp\/v2\/types\/product"}],"wp:featuredmedia":[{"embeddable":true,"href":"https:\/\/ivinidimiriamshop.ch\/fr\/wp-json\/wp\/v2\/media\/30650"}],"wp:attachment":[{"href":"https:\/\/ivinidimiriamshop.ch\/fr\/wp-json\/wp\/v2\/media?parent=30694"}],"wp:term":[{"taxonomy":"product_brand","embeddable":true,"href":"https:\/\/ivinidimiriamshop.ch\/fr\/wp-json\/wp\/v2\/product_brand?post=30694"},{"taxonomy":"product_cat","embeddable":true,"href":"https:\/\/ivinidimiriamshop.ch\/fr\/wp-json\/wp\/v2\/product_cat?post=30694"},{"taxonomy":"product_tag","embeddable":true,"href":"https:\/\/ivinidimiriamshop.ch\/fr\/wp-json\/wp\/v2\/product_tag?post=30694"}],"curies":[{"name":"wp","href":"https:\/\/api.w.org\/{rel}","templated":true}]}}