{"id":30699,"date":"2024-11-23T13:50:49","date_gmt":"2024-11-23T12:50:49","guid":{"rendered":"https:\/\/ivinidimiriamshop.ch\/prodotto\/isabea-igt-de-la-suisse-italienne-rose-de-raisins-americains-2022\/"},"modified":"2025-05-18T10:39:17","modified_gmt":"2025-05-18T08:39:17","slug":"isabea-igt-de-la-suisse-italienne-rose-de-raisins-americains-2022","status":"publish","type":"product","link":"https:\/\/ivinidimiriamshop.ch\/fr\/prodotto\/isabea-igt-de-la-suisse-italienne-rose-de-raisins-americains-2022\/","title":{"rendered":"ISABEA, IGT de la Suisse italienne, Ros\u00e9 de raisins am\u00e9ricains &#8211; 2022"},"content":{"rendered":"","protected":false},"excerpt":{"rendered":"<p>Americana \u00e0 dominante Isabella 100%<\/p>\n<p>Couleur rose vif, reflets orang\u00e9s, nez brillant et intense avec des notes distinctes de fraises des bois, cerises, l\u00e9g\u00e8res notes herbac\u00e9es d&rsquo;herbe fra\u00eeche.<\/p>\n<p>En bouche on retrouve la typicit\u00e9 des ar\u00f4mes, fra\u00eechement aromatique, agr\u00e9able, le corps est longiligne,<\/p>\n<p>Facile \u00e0 boire, un vin gai, servi frais, estival pour sa l\u00e9g\u00e8ret\u00e9 fruit\u00e9e, automnal s&rsquo;il est associ\u00e9 \u00e0 des ch\u00e2taignes r\u00f4ties.<\/p>\n","protected":false},"featured_media":30620,"template":"","meta":{"site-sidebar-layout":"default","site-content-layout":"","ast-site-content-layout":"default","site-content-style":"default","site-sidebar-style":"default","ast-global-header-display":"","ast-banner-title-visibility":"","ast-main-header-display":"","ast-hfb-above-header-display":"","ast-hfb-below-header-display":"","ast-hfb-mobile-header-display":"","site-post-title":"","ast-breadcrumbs-content":"","ast-featured-img":"","footer-sml-layout":"","ast-disable-related-posts":"","theme-transparent-header-meta":"default","adv-header-id-meta":"","stick-header-meta":"","header-above-stick-meta":"","header-main-stick-meta":"","header-below-stick-meta":"","astra-migrate-meta-layouts":"default","ast-page-background-enabled":"default","ast-page-background-meta":{"desktop":{"background-color":"var(--ast-global-color-4)","background-image":"","background-repeat":"repeat","background-position":"center center","background-size":"auto","background-attachment":"scroll","background-type":"","background-media":"","overlay-type":"","overlay-color":"","overlay-opacity":"","overlay-gradient":""},"tablet":{"background-color":"","background-image":"","background-repeat":"repeat","background-position":"center center","background-size":"auto","background-attachment":"scroll","background-type":"","background-media":"","overlay-type":"","overlay-color":"","overlay-opacity":"","overlay-gradient":""},"mobile":{"background-color":"","background-image":"","background-repeat":"repeat","background-position":"center center","background-size":"auto","background-attachment":"scroll","background-type":"","background-media":"","overlay-type":"","overlay-color":"","overlay-opacity":"","overlay-gradient":""}},"ast-content-background-meta":{"desktop":{"background-color":"var(--ast-global-color-5)","background-image":"","background-repeat":"repeat","background-position":"center center","background-size":"auto","background-attachment":"scroll","background-type":"","background-media":"","overlay-type":"","overlay-color":"","overlay-opacity":"","overlay-gradient":""},"tablet":{"background-color":"var(--ast-global-color-5)","background-image":"","background-repeat":"repeat","background-position":"center center","background-size":"auto","background-attachment":"scroll","background-type":"","background-media":"","overlay-type":"","overlay-color":"","overlay-opacity":"","overlay-gradient":""},"mobile":{"background-color":"var(--ast-global-color-5)","background-image":"","background-repeat":"repeat","background-position":"center center","background-size":"auto","background-attachment":"scroll","background-type":"","background-media":"","overlay-type":"","overlay-color":"","overlay-opacity":"","overlay-gradient":""}}},"product_brand":[],"product_cat":[79,75],"product_tag":[],"class_list":{"0":"post-30699","1":"product","2":"type-product","3":"status-publish","4":"has-post-thumbnail","6":"product_cat-2022-fr","7":"product_cat-rosati-fr","8":"desktop-align-left","9":"tablet-align-left","10":"mobile-align-left","12":"first","13":"outofstock","14":"taxable","15":"shipping-taxable","16":"purchasable","17":"product-type-simple"},"yoast_head":"<!-- This site is optimized with the Yoast SEO plugin v26.9 - https:\/\/yoast.com\/product\/yoast-seo-wordpress\/ -->\n<title>ISABEA, IGT de la Suisse italienne, Ros\u00e9 de raisins am\u00e9ricains - 2022 - I vini di Miriam<\/title>\n<meta name=\"robots\" content=\"index, follow, max-snippet:-1, max-image-preview:large, max-video-preview:-1\" \/>\n<link rel=\"canonical\" href=\"https:\/\/ivinidimiriamshop.ch\/fr\/prodotto\/isabea-igt-de-la-suisse-italienne-rose-de-raisins-americains-2022\/\" \/>\n<meta property=\"og:locale\" content=\"fr_FR\" \/>\n<meta property=\"og:type\" content=\"article\" \/>\n<meta property=\"og:title\" content=\"ISABEA, IGT de la Suisse italienne, Ros\u00e9 de raisins am\u00e9ricains - 2022 - I vini di Miriam\" \/>\n<meta property=\"og:description\" content=\"Americana \u00e0 dominante Isabella 100% Couleur rose vif, reflets orang\u00e9s, nez brillant et intense avec des notes distinctes de fraises des bois, cerises, l\u00e9g\u00e8res notes herbac\u00e9es d&#039;herbe fra\u00eeche. En bouche on retrouve la typicit\u00e9 des ar\u00f4mes, fra\u00eechement aromatique, agr\u00e9able, le corps est longiligne, Facile \u00e0 boire, un vin gai, servi frais, estival pour sa l\u00e9g\u00e8ret\u00e9 fruit\u00e9e, automnal s&#039;il est associ\u00e9 \u00e0 des ch\u00e2taignes r\u00f4ties.\" \/>\n<meta property=\"og:url\" content=\"https:\/\/ivinidimiriamshop.ch\/fr\/prodotto\/isabea-igt-de-la-suisse-italienne-rose-de-raisins-americains-2022\/\" \/>\n<meta property=\"og:site_name\" content=\"I vini di Miriam\" \/>\n<meta property=\"article:publisher\" content=\"https:\/\/www.facebook.com\/ivinidimiriam\" \/>\n<meta property=\"article:modified_time\" content=\"2025-05-18T08:39:17+00:00\" \/>\n<meta property=\"og:image\" content=\"https:\/\/ivinidimiriamshop.ch\/wp-content\/uploads\/2024\/11\/Isabea-2022.jpg\" \/>\n\t<meta property=\"og:image:width\" content=\"1200\" \/>\n\t<meta property=\"og:image:height\" content=\"1200\" \/>\n\t<meta property=\"og:image:type\" content=\"image\/jpeg\" \/>\n<meta name=\"twitter:card\" content=\"summary_large_image\" \/>\n<script type=\"application\/ld+json\" class=\"yoast-schema-graph\">{\"@context\":\"https:\/\/schema.org\",\"@graph\":[{\"@type\":\"WebPage\",\"@id\":\"https:\/\/ivinidimiriamshop.ch\/fr\/prodotto\/isabea-igt-de-la-suisse-italienne-rose-de-raisins-americains-2022\/\",\"url\":\"https:\/\/ivinidimiriamshop.ch\/fr\/prodotto\/isabea-igt-de-la-suisse-italienne-rose-de-raisins-americains-2022\/\",\"name\":\"ISABEA, IGT de la Suisse italienne, Ros\u00e9 de raisins am\u00e9ricains - 2022 - I vini di Miriam\",\"isPartOf\":{\"@id\":\"https:\/\/ivinidimiriamshop.ch\/fr\/#website\"},\"primaryImageOfPage\":{\"@id\":\"https:\/\/ivinidimiriamshop.ch\/fr\/prodotto\/isabea-igt-de-la-suisse-italienne-rose-de-raisins-americains-2022\/#primaryimage\"},\"image\":{\"@id\":\"https:\/\/ivinidimiriamshop.ch\/fr\/prodotto\/isabea-igt-de-la-suisse-italienne-rose-de-raisins-americains-2022\/#primaryimage\"},\"thumbnailUrl\":\"https:\/\/ivinidimiriamshop.ch\/wp-content\/uploads\/2024\/11\/Isabea-2022.jpg\",\"datePublished\":\"2024-11-23T12:50:49+00:00\",\"dateModified\":\"2025-05-18T08:39:17+00:00\",\"breadcrumb\":{\"@id\":\"https:\/\/ivinidimiriamshop.ch\/fr\/prodotto\/isabea-igt-de-la-suisse-italienne-rose-de-raisins-americains-2022\/#breadcrumb\"},\"inLanguage\":\"fr-FR\",\"potentialAction\":[{\"@type\":\"ReadAction\",\"target\":[\"https:\/\/ivinidimiriamshop.ch\/fr\/prodotto\/isabea-igt-de-la-suisse-italienne-rose-de-raisins-americains-2022\/\"]}]},{\"@type\":\"ImageObject\",\"inLanguage\":\"fr-FR\",\"@id\":\"https:\/\/ivinidimiriamshop.ch\/fr\/prodotto\/isabea-igt-de-la-suisse-italienne-rose-de-raisins-americains-2022\/#primaryimage\",\"url\":\"https:\/\/ivinidimiriamshop.ch\/wp-content\/uploads\/2024\/11\/Isabea-2022.jpg\",\"contentUrl\":\"https:\/\/ivinidimiriamshop.ch\/wp-content\/uploads\/2024\/11\/Isabea-2022.jpg\",\"width\":1200,\"height\":1200},{\"@type\":\"BreadcrumbList\",\"@id\":\"https:\/\/ivinidimiriamshop.ch\/fr\/prodotto\/isabea-igt-de-la-suisse-italienne-rose-de-raisins-americains-2022\/#breadcrumb\",\"itemListElement\":[{\"@type\":\"ListItem\",\"position\":1,\"name\":\"Accueil\",\"item\":\"https:\/\/ivinidimiriamshop.ch\/fr\/?page_id=30859\"},{\"@type\":\"ListItem\",\"position\":2,\"name\":\"Shop\",\"item\":\"https:\/\/ivinidimiriamshop.ch\/fr\/boutique\/\"},{\"@type\":\"ListItem\",\"position\":3,\"name\":\"ISABEA, IGT de la Suisse italienne, Ros\u00e9 de raisins am\u00e9ricains &#8211; 2022\"}]},{\"@type\":\"WebSite\",\"@id\":\"https:\/\/ivinidimiriamshop.ch\/fr\/#website\",\"url\":\"https:\/\/ivinidimiriamshop.ch\/fr\/\",\"name\":\"I vini di Miriam Shop\",\"description\":\"\",\"publisher\":{\"@id\":\"https:\/\/ivinidimiriamshop.ch\/fr\/#organization\"},\"potentialAction\":[{\"@type\":\"SearchAction\",\"target\":{\"@type\":\"EntryPoint\",\"urlTemplate\":\"https:\/\/ivinidimiriamshop.ch\/fr\/?s={search_term_string}\"},\"query-input\":{\"@type\":\"PropertyValueSpecification\",\"valueRequired\":true,\"valueName\":\"search_term_string\"}}],\"inLanguage\":\"fr-FR\"},{\"@type\":\"Organization\",\"@id\":\"https:\/\/ivinidimiriamshop.ch\/fr\/#organization\",\"name\":\"I vini di Miriam Shop\",\"url\":\"https:\/\/ivinidimiriamshop.ch\/fr\/\",\"logo\":{\"@type\":\"ImageObject\",\"inLanguage\":\"fr-FR\",\"@id\":\"https:\/\/ivinidimiriamshop.ch\/fr\/#\/schema\/logo\/image\/\",\"url\":\"https:\/\/ivinidimiriamshop.ch\/wp-content\/uploads\/2024\/12\/Screenshot-2024-12-02-alle-19.31.25-1024x473.png\",\"contentUrl\":\"https:\/\/ivinidimiriamshop.ch\/wp-content\/uploads\/2024\/12\/Screenshot-2024-12-02-alle-19.31.25-1024x473.png\",\"width\":1024,\"height\":473,\"caption\":\"I vini di Miriam Shop\"},\"image\":{\"@id\":\"https:\/\/ivinidimiriamshop.ch\/fr\/#\/schema\/logo\/image\/\"},\"sameAs\":[\"https:\/\/www.facebook.com\/ivinidimiriam\"]}]}<\/script>\n<!-- \/ Yoast SEO plugin. -->","yoast_head_json":{"title":"ISABEA, IGT de la Suisse italienne, Ros\u00e9 de raisins am\u00e9ricains - 2022 - I vini di Miriam","robots":{"index":"index","follow":"follow","max-snippet":"max-snippet:-1","max-image-preview":"max-image-preview:large","max-video-preview":"max-video-preview:-1"},"canonical":"https:\/\/ivinidimiriamshop.ch\/fr\/prodotto\/isabea-igt-de-la-suisse-italienne-rose-de-raisins-americains-2022\/","og_locale":"fr_FR","og_type":"article","og_title":"ISABEA, IGT de la Suisse italienne, Ros\u00e9 de raisins am\u00e9ricains - 2022 - I vini di Miriam","og_description":"Americana \u00e0 dominante Isabella 100% Couleur rose vif, reflets orang\u00e9s, nez brillant et intense avec des notes distinctes de fraises des bois, cerises, l\u00e9g\u00e8res notes herbac\u00e9es d'herbe fra\u00eeche. En bouche on retrouve la typicit\u00e9 des ar\u00f4mes, fra\u00eechement aromatique, agr\u00e9able, le corps est longiligne, Facile \u00e0 boire, un vin gai, servi frais, estival pour sa l\u00e9g\u00e8ret\u00e9 fruit\u00e9e, automnal s'il est associ\u00e9 \u00e0 des ch\u00e2taignes r\u00f4ties.","og_url":"https:\/\/ivinidimiriamshop.ch\/fr\/prodotto\/isabea-igt-de-la-suisse-italienne-rose-de-raisins-americains-2022\/","og_site_name":"I vini di Miriam","article_publisher":"https:\/\/www.facebook.com\/ivinidimiriam","article_modified_time":"2025-05-18T08:39:17+00:00","og_image":[{"width":1200,"height":1200,"url":"https:\/\/ivinidimiriamshop.ch\/wp-content\/uploads\/2024\/11\/Isabea-2022.jpg","type":"image\/jpeg"}],"twitter_card":"summary_large_image","schema":{"@context":"https:\/\/schema.org","@graph":[{"@type":"WebPage","@id":"https:\/\/ivinidimiriamshop.ch\/fr\/prodotto\/isabea-igt-de-la-suisse-italienne-rose-de-raisins-americains-2022\/","url":"https:\/\/ivinidimiriamshop.ch\/fr\/prodotto\/isabea-igt-de-la-suisse-italienne-rose-de-raisins-americains-2022\/","name":"ISABEA, IGT de la Suisse italienne, Ros\u00e9 de raisins am\u00e9ricains - 2022 - I vini di Miriam","isPartOf":{"@id":"https:\/\/ivinidimiriamshop.ch\/fr\/#website"},"primaryImageOfPage":{"@id":"https:\/\/ivinidimiriamshop.ch\/fr\/prodotto\/isabea-igt-de-la-suisse-italienne-rose-de-raisins-americains-2022\/#primaryimage"},"image":{"@id":"https:\/\/ivinidimiriamshop.ch\/fr\/prodotto\/isabea-igt-de-la-suisse-italienne-rose-de-raisins-americains-2022\/#primaryimage"},"thumbnailUrl":"https:\/\/ivinidimiriamshop.ch\/wp-content\/uploads\/2024\/11\/Isabea-2022.jpg","datePublished":"2024-11-23T12:50:49+00:00","dateModified":"2025-05-18T08:39:17+00:00","breadcrumb":{"@id":"https:\/\/ivinidimiriamshop.ch\/fr\/prodotto\/isabea-igt-de-la-suisse-italienne-rose-de-raisins-americains-2022\/#breadcrumb"},"inLanguage":"fr-FR","potentialAction":[{"@type":"ReadAction","target":["https:\/\/ivinidimiriamshop.ch\/fr\/prodotto\/isabea-igt-de-la-suisse-italienne-rose-de-raisins-americains-2022\/"]}]},{"@type":"ImageObject","inLanguage":"fr-FR","@id":"https:\/\/ivinidimiriamshop.ch\/fr\/prodotto\/isabea-igt-de-la-suisse-italienne-rose-de-raisins-americains-2022\/#primaryimage","url":"https:\/\/ivinidimiriamshop.ch\/wp-content\/uploads\/2024\/11\/Isabea-2022.jpg","contentUrl":"https:\/\/ivinidimiriamshop.ch\/wp-content\/uploads\/2024\/11\/Isabea-2022.jpg","width":1200,"height":1200},{"@type":"BreadcrumbList","@id":"https:\/\/ivinidimiriamshop.ch\/fr\/prodotto\/isabea-igt-de-la-suisse-italienne-rose-de-raisins-americains-2022\/#breadcrumb","itemListElement":[{"@type":"ListItem","position":1,"name":"Accueil","item":"https:\/\/ivinidimiriamshop.ch\/fr\/?page_id=30859"},{"@type":"ListItem","position":2,"name":"Shop","item":"https:\/\/ivinidimiriamshop.ch\/fr\/boutique\/"},{"@type":"ListItem","position":3,"name":"ISABEA, IGT de la Suisse italienne, Ros\u00e9 de raisins am\u00e9ricains &#8211; 2022"}]},{"@type":"WebSite","@id":"https:\/\/ivinidimiriamshop.ch\/fr\/#website","url":"https:\/\/ivinidimiriamshop.ch\/fr\/","name":"I vini di Miriam Shop","description":"","publisher":{"@id":"https:\/\/ivinidimiriamshop.ch\/fr\/#organization"},"potentialAction":[{"@type":"SearchAction","target":{"@type":"EntryPoint","urlTemplate":"https:\/\/ivinidimiriamshop.ch\/fr\/?s={search_term_string}"},"query-input":{"@type":"PropertyValueSpecification","valueRequired":true,"valueName":"search_term_string"}}],"inLanguage":"fr-FR"},{"@type":"Organization","@id":"https:\/\/ivinidimiriamshop.ch\/fr\/#organization","name":"I vini di Miriam Shop","url":"https:\/\/ivinidimiriamshop.ch\/fr\/","logo":{"@type":"ImageObject","inLanguage":"fr-FR","@id":"https:\/\/ivinidimiriamshop.ch\/fr\/#\/schema\/logo\/image\/","url":"https:\/\/ivinidimiriamshop.ch\/wp-content\/uploads\/2024\/12\/Screenshot-2024-12-02-alle-19.31.25-1024x473.png","contentUrl":"https:\/\/ivinidimiriamshop.ch\/wp-content\/uploads\/2024\/12\/Screenshot-2024-12-02-alle-19.31.25-1024x473.png","width":1024,"height":473,"caption":"I vini di Miriam Shop"},"image":{"@id":"https:\/\/ivinidimiriamshop.ch\/fr\/#\/schema\/logo\/image\/"},"sameAs":["https:\/\/www.facebook.com\/ivinidimiriam"]}]}},"_links":{"self":[{"href":"https:\/\/ivinidimiriamshop.ch\/fr\/wp-json\/wp\/v2\/product\/30699","targetHints":{"allow":["GET"]}}],"collection":[{"href":"https:\/\/ivinidimiriamshop.ch\/fr\/wp-json\/wp\/v2\/product"}],"about":[{"href":"https:\/\/ivinidimiriamshop.ch\/fr\/wp-json\/wp\/v2\/types\/product"}],"wp:featuredmedia":[{"embeddable":true,"href":"https:\/\/ivinidimiriamshop.ch\/fr\/wp-json\/wp\/v2\/media\/30620"}],"wp:attachment":[{"href":"https:\/\/ivinidimiriamshop.ch\/fr\/wp-json\/wp\/v2\/media?parent=30699"}],"wp:term":[{"taxonomy":"product_brand","embeddable":true,"href":"https:\/\/ivinidimiriamshop.ch\/fr\/wp-json\/wp\/v2\/product_brand?post=30699"},{"taxonomy":"product_cat","embeddable":true,"href":"https:\/\/ivinidimiriamshop.ch\/fr\/wp-json\/wp\/v2\/product_cat?post=30699"},{"taxonomy":"product_tag","embeddable":true,"href":"https:\/\/ivinidimiriamshop.ch\/fr\/wp-json\/wp\/v2\/product_tag?post=30699"}],"curies":[{"name":"wp","href":"https:\/\/api.w.org\/{rel}","templated":true}]}}